{"id":8673,"date":"2025-09-05T11:51:04","date_gmt":"2025-09-05T08:51:04","guid":{"rendered":"https:\/\/mariacallasmuseum.gr\/?page_id=8673"},"modified":"2025-09-08T09:49:37","modified_gmt":"2025-09-08T06:49:37","slug":"mcm-news","status":"publish","type":"page","link":"https:\/\/mariacallasmuseum.gr\/fr\/mcm-news\/","title":{"rendered":"Nouvelles"},"content":{"rendered":"<section class=\"wpb-content-wrapper\"><p>[vc_row row_content_width=\u00a0\u00bbgrid\u00a0\u00bb][vc_column][vc_empty_space]<div class=\"eltdf-section-title-holder   eltdf-st-decorative-line\" style=\"text-align: center\">\n\t<div class=\"eltdf-st-inner\">\n        \t\t\t\t\t<h1 class=\"eltdf-st-title\" >\n    <span class=\"eltdf-st-title-inner\"><span class=\"eltdf-st-side-line-left\" ><\/span>Nouvelles<span class=\"eltdf-st-side-line-right\" ><\/span><\/span>\n\t\t\t<\/h1>\n\t\t\t\t\t\t\t<\/div>\n<\/div>[vc_empty_space height=\u00a0\u00bb64px\u00a0\u00bb]<div class=\"eltdf-blog-list-holder eltdf-grid-list eltdf-bl-boxed eltdf-three-columns eltdf-disable-bottom-space eltdf-small-space eltdf-bl-pag-no-pagination\"  data-type=boxed data-number-of-posts=-1 data-number-of-columns=three data-space-between-items=small data-category=news data-orderby=date data-order=DESC data-image-size=full data-title-tag=h6 data-title-transform=none data-excerpt-length=40 data-post-info-section=yes data-post-info-image=yes data-post-info-author=no data-post-info-date=no data-post-info-category=no data-post-info-comments=no data-post-info-like=no data-post-info-share=no data-pagination-type=no-pagination data-max-num-pages=0 data-next-page=2>\n\t<div class=\"eltdf-bl-wrapper eltdf-outer-space\">\n\t\t<ul class=\"eltdf-blog-list\">\n\t\t\t<li class=\"eltdf-bl-item eltdf-item-space\">\n\t<div class=\"eltdf-bli-inner\">\n\t\t\n\t<div class=\"eltdf-post-image\">\n\t\t\t\t\t<a itemprop=\"url\" href=\"https:\/\/mariacallasmuseum.gr\/fr\/le-musee-maria-callas-de-la-municipalite-dathenes-abrite-deux-costumes-emblematiques-de-la-scala-de-milan\/\" title=\"Le mus\u00e9e Maria Callas de la municipalit\u00e9 d&rsquo;Ath\u00e8nes abrite deux costumes embl\u00e9matiques de la Scala de Milan\">\n\t\t\t\t\t<img width=\"1300\" height=\"525\" src=\"https:\/\/mariacallasmuseum.gr\/wp-content\/uploads\/2023\/11\/New-dresses-1300-x-525-px1.png\" class=\"attachment-full size-full wp-post-image\" alt=\"\" decoding=\"async\" loading=\"lazy\" srcset=\"https:\/\/mariacallasmuseum.gr\/wp-content\/uploads\/2023\/11\/New-dresses-1300-x-525-px1.png 1300w, https:\/\/mariacallasmuseum.gr\/wp-content\/uploads\/2023\/11\/New-dresses-1300-x-525-px1-300x121.png 300w, https:\/\/mariacallasmuseum.gr\/wp-content\/uploads\/2023\/11\/New-dresses-1300-x-525-px1-1024x414.png 1024w, https:\/\/mariacallasmuseum.gr\/wp-content\/uploads\/2023\/11\/New-dresses-1300-x-525-px1-768x310.png 768w, https:\/\/mariacallasmuseum.gr\/wp-content\/uploads\/2023\/11\/New-dresses-1300-x-525-px1-600x242.png 600w\" sizes=\"(max-width: 1300px) 100vw, 1300px\" \/>\t\t\t\t\t<\/a>\n\t\t\t\t\t<\/div>\n        <div class=\"eltdf-bli-content\">\n                            <div class=\"eltdf-bli-info\" >\n\t                                <\/div>\n            \t        <div class=\"eltdf-bli-title\" >\n\t            \n\n<h6 itemprop=\"name\" class=\"entry-title eltdf-post-title\" style=\"text-transform: none\">\n            <a itemprop=\"url\" href=\"https:\/\/mariacallasmuseum.gr\/fr\/le-musee-maria-callas-de-la-municipalite-dathenes-abrite-deux-costumes-emblematiques-de-la-scala-de-milan\/\" title=\"Le mus\u00e9e Maria Callas de la municipalit\u00e9 d&rsquo;Ath\u00e8nes abrite deux costumes embl\u00e9matiques de la Scala de Milan\">\n    \n\n        Le mus\u00e9e Maria Callas de la municipalit\u00e9 d&rsquo;Ath\u00e8nes abrite deux costumes embl\u00e9matiques de la Scala de Milan            <\/a>\n    <\/h6>            <\/div>\n\t        <div class=\"eltdf-bli-excerpt\">\n\t\t        \t\t<div class=\"eltdf-post-excerpt-holder\">\n\t\t\t<p itemprop=\"description\" class=\"eltdf-post-excerpt\">\n\t\t\t\t[vc_row][vc_column][vc_column_text]\r\nLe mus\u00e9e Maria Callas de la municipalit\u00e9 d'Ath\u00e8nes abrite deux costumes embl\u00e9matiques de la Scala de Milan\r\n[\/vc_column_text][vc_empty_space][\/vc_column][\/vc_row][vc_row][vc_column][vc_empty_space height=\"64px\"][vc_column_text]\u00c0 partir d'aujourd'hui, mardi 21 novembre, les visiteurs du mus\u00e9e Maria Callas de la municipalit\u00e9 d'Ath\u00e8nes auront l'occasion d\u2019admirer deux costumes embl\u00e9matiques de\t\t\t<\/p>\n\t\t<\/div>\n\t\t\t        \t<div class=\"eltdf-post-read-more-button\">\n\t\t<a itemprop=\"url\" href=\"https:\/\/mariacallasmuseum.gr\/fr\/le-musee-maria-callas-de-la-municipalite-dathenes-abrite-deux-costumes-emblematiques-de-la-scala-de-milan\/\" target=\"_self\"  class=\"eltdf-btn eltdf-btn-medium eltdf-btn-simple eltdf-blog-list-button\"  >    <span class=\"eltdf-btn-text\">En Savoir Plus<\/span>    <\/a>\t<\/div>\n\t        <\/div>\n        <\/div>\n\t<\/div>\n<\/li>\t\t<\/ul>\n\t<\/div>\n\t<script>console.log(\"Here i am\", \"no-pagination\");<\/script>\t<\/div>[\/vc_column][\/vc_row]<\/p>\n<\/section>","protected":false},"excerpt":{"rendered":"<p>[vc_row row_content_width=\u00a0\u00bbgrid\u00a0\u00bb][vc_column][vc_empty_space][vc_empty_space height=\u00a0\u00bb64px\u00a0\u00bb][\/vc_column][\/vc_row]<\/p>\n","protected":false},"author":1,"featured_media":0,"parent":0,"menu_order":0,"comment_status":"closed","ping_status":"closed","template":"full-width.php","meta":{"om_disable_all_campaigns":false},"acf":[],"aioseo_notices":[],"_links":{"self":[{"href":"https:\/\/mariacallasmuseum.gr\/fr\/wp-json\/wp\/v2\/pages\/8673"}],"collection":[{"href":"https:\/\/mariacallasmuseum.gr\/fr\/wp-json\/wp\/v2\/pages"}],"about":[{"href":"https:\/\/mariacallasmuseum.gr\/fr\/wp-json\/wp\/v2\/types\/page"}],"author":[{"embeddable":true,"href":"https:\/\/mariacallasmuseum.gr\/fr\/wp-json\/wp\/v2\/users\/1"}],"replies":[{"embeddable":true,"href":"https:\/\/mariacallasmuseum.gr\/fr\/wp-json\/wp\/v2\/comments?post=8673"}],"version-history":[{"count":1,"href":"https:\/\/mariacallasmuseum.gr\/fr\/wp-json\/wp\/v2\/pages\/8673\/revisions"}],"predecessor-version":[{"id":8674,"href":"https:\/\/mariacallasmuseum.gr\/fr\/wp-json\/wp\/v2\/pages\/8673\/revisions\/8674"}],"wp:attachment":[{"href":"https:\/\/mariacallasmuseum.gr\/fr\/wp-json\/wp\/v2\/media?parent=8673"}],"curies":[{"name":"wp","href":"https:\/\/api.w.org\/{rel}","templated":true}]}}