{"id":5480,"date":"2024-02-22T12:35:29","date_gmt":"2024-02-22T09:35:29","guid":{"rendered":"https:\/\/mariacallasmuseum.gr\/?page_id=5480"},"modified":"2025-07-01T11:05:57","modified_gmt":"2025-07-01T08:05:57","slug":"espace-evenementiel","status":"publish","type":"page","link":"https:\/\/mariacallasmuseum.gr\/fr\/espace-evenementiel\/","title":{"rendered":"Espace \u00e9v\u00e9nementiel"},"content":{"rendered":"<section class=\"wpb-content-wrapper\"><p>[vc_row content_placement=\u00a0\u00bbmiddle\u00a0\u00bb row_content_width=\u00a0\u00bbgrid\u00a0\u00bb content_text_aligment=\u00a0\u00bbcenter\u00a0\u00bb][vc_column][vc_empty_space height=\u00a0\u00bb64px\u00a0\u00bb]<div class=\"eltdf-section-title-holder   eltdf-st-decorative-line\" style=\"text-align: center\">\n\t<div class=\"eltdf-st-inner\">\n        \t\t\t\t\t<h1 class=\"eltdf-st-title\" >\n    <span class=\"eltdf-st-title-inner\"><span class=\"eltdf-st-side-line-left\" ><\/span>Espace \u00e9v\u00e9nementiel<span class=\"eltdf-st-side-line-right\" ><\/span><\/span>\n\t\t\t<\/h1>\n\t\t\t\t\t\t\t<\/div>\n<\/div>[vc_empty_space height=\u00a0\u00bb64px\u00a0\u00bb][\/vc_column][\/vc_row][vc_row row_content_width=\u00a0\u00bbgrid\u00a0\u00bb][vc_column][vc_column_text]<\/p>\n<p><!-- \/wp:paragraph --><span lang=\"en-US\">Le Mus\u00e9e Maria Callas est situ\u00e9 dans un b\u00e2timent n\u00e9oclassique embl\u00e9matique du XXe si\u00e8cle, au c\u0153ur d&rsquo;Ath\u00e8nes, sur l&rsquo;une des rues les plus touristiques, la rue Mitropoleos 44.<br \/>\nAu troisi\u00e8me \u00e9tage se trouve l&rsquo;espace \u00e9v\u00e9nementiel, o\u00f9 se d\u00e9roulent les programmes \u00e9ducatifs du mus\u00e9e, ainsi que des \u00e9v\u00e9nements artistiques, des concerts, des conf\u00e9rences, des pr\u00e9sentations de livres, des ateliers, des masterclasses, etc.<\/span><\/p>\n<h3><span lang=\"en-US\">Votre \u00e9v\u00e9nement au mus\u00e9e<\/span><\/h3>\n<p><span lang=\"en-US\">L&rsquo;espace \u00e9v\u00e9nementiel du Mus\u00e9e Maria Callas, offrant une vue magnifique sur l&rsquo;Acropole et les abords de Plaka, constitue un lieu id\u00e9al pour organiser des \u00e9v\u00e9nements sp\u00e9ciaux. D&rsquo;une capacit\u00e9 de 100 m\u00b2, il allie \u00e9l\u00e9gance et \u00e9quipements modernes pour tous types d&rsquo;\u00e9v\u00e9nements :<\/span><\/p>\n<ul>\n<li><span lang=\"en-US\">\u00c9v\u00e9nements d&rsquo;entreprise<\/span><\/li>\n<li><span lang=\"en-US\">Conf\u00e9rences &amp; \u00e9v\u00e9nements presse<\/span><\/li>\n<li><span lang=\"en-US\">Journ\u00e9es d&rsquo;\u00e9tudes, s\u00e9minaires &amp; ateliers<\/span><\/li>\n<li><span lang=\"en-US\">Pr\u00e9sentations de livres &amp; conferences<\/span><\/li>\n<li><span lang=\"en-US\">Activit\u00e9s de team building &amp; \u00e9v\u00e9nements de r\u00e9seautage<\/span><\/li>\n<li><span lang=\"en-US\">\u00c9v\u00e9nements th\u00e9\u00e2traux &amp; musicaux<\/span><\/li>\n<li><span lang=\"en-US\">Tournages publicitaires &amp; cin\u00e9matographiques<\/span><\/li>\n<\/ul>\n<p><span lang=\"en-US\">Combinez votre \u00e9v\u00e9nement avec une visite au seul mus\u00e9e au monde d\u00e9di\u00e9 \u00e0 Maria Callas.<br \/>\nContactez-nous pour conna\u00eetre la disponibilit\u00e9 et les services d&rsquo;organisation d&rsquo;\u00e9v\u00e9nements propos\u00e9s.<\/span><\/p>\n<p><span lang=\"en-US\"><b>Informations :<\/b><\/span><span lang=\"en-US\"><br \/>\nE-mail: <a href=\"mailto:info@mariacallasmuseum.gr\">info@mariacallasmuseum.gr<\/a> \/ <a href=\"mailto:mgoutou@mariacallasmuseum.gr\">mgoutou@mariacallasmuseum.gr<\/a><br \/>\nT\u00e9l\u00e9phone : +30 210 44 04 204<\/span><\/p>\n<p>[\/vc_column_text][vc_empty_space][\/vc_column][\/vc_row][vc_row row_content_width=\u00a0\u00bbgrid\u00a0\u00bb][vc_column][vc_empty_space height=\u00a0\u00bb64px\u00a0\u00bb]<div class=\"eltdf-iwt clearfix  eltdf-iwt-icon-left-from-title eltdf-iwt-icon-tiny\">\n\t<div class=\"eltdf-iwt-content\" >\n\t\t\t\t\t<h6 class=\"eltdf-iwt-title\" >\n\t\t\t\t\t\t\t\t\t<a itemprop=\"url\" href=\"https:\/\/mariacallasmuseum.gr\/wp-content\/uploads\/2023\/12\/MARIA-CALLAS-MUSEUM-3RD-FLOOR-%CE%9A%CE%91%CE%A4%CE%9F%CE%A8%CE%97.pdf\" target=\"_blank\">\n\t\t\t\t\t\t\t\t\t<span class=\"eltdf-iwt-icon\">\n\t\t\t\t\t\t\t\t\t\t\t\t\t    <span class=\"eltdf-icon-shortcode eltdf-normal   eltdf-icon-tiny\"  data-hover-color=\"#000000\" data-color=\"#c30017\">\n                    <i class=\"eltdf-icon-dripicons dripicon dripicons-document eltdf-icon-element\" style=\"color: #c30017\" ><\/i>            <\/span>\n\t\t\t\t\t\t\t\t\t\t\t<\/span>\n\t\t\t\t\t<span class=\"eltdf-iwt-title-text\">Voir le plan de l&#039;espace<\/span>\n\t\t\t\t\t\t\t\t\t<\/a>\n\t\t\t\t\t\t\t<\/h6>\n\t\t\t\t\t<\/div>\n<\/div>[vc_empty_space height=\u00a0\u00bb64px\u00a0\u00bb][\/vc_column][\/vc_row][vc_row row_content_width=\u00a0\u00bbgrid\u00a0\u00bb][vc_column]<div class=\"eltdf-image-gallery  eltdf-ig-slider-type eltdf-three-columns eltdf-normal-space  \">\n\t<div class=\"eltdf-ig-slider eltdf-owl-slider\" data-number-of-items=\"1\" data-enable-loop=\"yes\" data-enable-autoplay=\"yes\" data-slider-speed=\"5000\" data-slider-speed-animation=\"600\" data-slider-padding=\"no\" data-enable-navigation=\"yes\" data-enable-pagination=\"yes\">\n\t\t\t\t\t<div class=\"eltdf-ig-image\">\n\t\t\t\t\t\t\t\t\t<img width=\"2560\" height=\"1707\" src=\"https:\/\/mariacallasmuseum.gr\/wp-content\/uploads\/2025\/07\/7-scaled.jpg\" class=\"attachment-full size-full\" alt=\"\" decoding=\"async\" loading=\"lazy\" srcset=\"https:\/\/mariacallasmuseum.gr\/wp-content\/uploads\/2025\/07\/7-scaled.jpg 2560w, https:\/\/mariacallasmuseum.gr\/wp-content\/uploads\/2025\/07\/7-300x200.jpg 300w, https:\/\/mariacallasmuseum.gr\/wp-content\/uploads\/2025\/07\/7-1024x683.jpg 1024w, https:\/\/mariacallasmuseum.gr\/wp-content\/uploads\/2025\/07\/7-768x512.jpg 768w, https:\/\/mariacallasmuseum.gr\/wp-content\/uploads\/2025\/07\/7-1536x1024.jpg 1536w, https:\/\/mariacallasmuseum.gr\/wp-content\/uploads\/2025\/07\/7-600x400.jpg 600w\" sizes=\"(max-width: 2560px) 100vw, 2560px\" \/>\t\t\t\t\t\t\t<\/div>\n\t\t\t\t\t<div class=\"eltdf-ig-image\">\n\t\t\t\t\t\t\t\t\t<img width=\"2400\" height=\"1601\" src=\"https:\/\/mariacallasmuseum.gr\/wp-content\/uploads\/2025\/07\/6.jpg\" class=\"attachment-full size-full\" alt=\"\" decoding=\"async\" loading=\"lazy\" srcset=\"https:\/\/mariacallasmuseum.gr\/wp-content\/uploads\/2025\/07\/6.jpg 2400w, https:\/\/mariacallasmuseum.gr\/wp-content\/uploads\/2025\/07\/6-300x200.jpg 300w, https:\/\/mariacallasmuseum.gr\/wp-content\/uploads\/2025\/07\/6-1024x683.jpg 1024w, https:\/\/mariacallasmuseum.gr\/wp-content\/uploads\/2025\/07\/6-768x512.jpg 768w, https:\/\/mariacallasmuseum.gr\/wp-content\/uploads\/2025\/07\/6-1536x1025.jpg 1536w, https:\/\/mariacallasmuseum.gr\/wp-content\/uploads\/2025\/07\/6-600x400.jpg 600w\" sizes=\"(max-width: 2400px) 100vw, 2400px\" \/>\t\t\t\t\t\t\t<\/div>\n\t\t\t\t\t<div class=\"eltdf-ig-image\">\n\t\t\t\t\t\t\t\t\t<img width=\"1280\" height=\"853\" src=\"https:\/\/mariacallasmuseum.gr\/wp-content\/uploads\/2025\/07\/5.jpg\" class=\"attachment-full size-full\" alt=\"\" decoding=\"async\" loading=\"lazy\" srcset=\"https:\/\/mariacallasmuseum.gr\/wp-content\/uploads\/2025\/07\/5.jpg 1280w, https:\/\/mariacallasmuseum.gr\/wp-content\/uploads\/2025\/07\/5-300x200.jpg 300w, https:\/\/mariacallasmuseum.gr\/wp-content\/uploads\/2025\/07\/5-1024x682.jpg 1024w, https:\/\/mariacallasmuseum.gr\/wp-content\/uploads\/2025\/07\/5-768x512.jpg 768w, https:\/\/mariacallasmuseum.gr\/wp-content\/uploads\/2025\/07\/5-600x400.jpg 600w\" sizes=\"(max-width: 1280px) 100vw, 1280px\" \/>\t\t\t\t\t\t\t<\/div>\n\t\t\t\t\t<div class=\"eltdf-ig-image\">\n\t\t\t\t\t\t\t\t\t<img width=\"1280\" height=\"853\" src=\"https:\/\/mariacallasmuseum.gr\/wp-content\/uploads\/2025\/07\/4.jpg\" class=\"attachment-full size-full\" alt=\"\" decoding=\"async\" loading=\"lazy\" srcset=\"https:\/\/mariacallasmuseum.gr\/wp-content\/uploads\/2025\/07\/4.jpg 1280w, https:\/\/mariacallasmuseum.gr\/wp-content\/uploads\/2025\/07\/4-300x200.jpg 300w, https:\/\/mariacallasmuseum.gr\/wp-content\/uploads\/2025\/07\/4-1024x682.jpg 1024w, https:\/\/mariacallasmuseum.gr\/wp-content\/uploads\/2025\/07\/4-768x512.jpg 768w, https:\/\/mariacallasmuseum.gr\/wp-content\/uploads\/2025\/07\/4-600x400.jpg 600w\" sizes=\"(max-width: 1280px) 100vw, 1280px\" \/>\t\t\t\t\t\t\t<\/div>\n\t\t\t\t\t<div class=\"eltdf-ig-image\">\n\t\t\t\t\t\t\t\t\t<img width=\"2560\" height=\"1707\" src=\"https:\/\/mariacallasmuseum.gr\/wp-content\/uploads\/2025\/07\/3-scaled.jpg\" class=\"attachment-full size-full\" alt=\"\" decoding=\"async\" loading=\"lazy\" srcset=\"https:\/\/mariacallasmuseum.gr\/wp-content\/uploads\/2025\/07\/3-scaled.jpg 2560w, https:\/\/mariacallasmuseum.gr\/wp-content\/uploads\/2025\/07\/3-300x200.jpg 300w, https:\/\/mariacallasmuseum.gr\/wp-content\/uploads\/2025\/07\/3-1024x683.jpg 1024w, https:\/\/mariacallasmuseum.gr\/wp-content\/uploads\/2025\/07\/3-768x512.jpg 768w, https:\/\/mariacallasmuseum.gr\/wp-content\/uploads\/2025\/07\/3-1536x1024.jpg 1536w, https:\/\/mariacallasmuseum.gr\/wp-content\/uploads\/2025\/07\/3-600x400.jpg 600w\" sizes=\"(max-width: 2560px) 100vw, 2560px\" \/>\t\t\t\t\t\t\t<\/div>\n\t\t\t\t\t<div class=\"eltdf-ig-image\">\n\t\t\t\t\t\t\t\t\t<img width=\"2560\" height=\"1707\" src=\"https:\/\/mariacallasmuseum.gr\/wp-content\/uploads\/2025\/07\/2-scaled.jpg\" class=\"attachment-full size-full\" alt=\"\" decoding=\"async\" loading=\"lazy\" srcset=\"https:\/\/mariacallasmuseum.gr\/wp-content\/uploads\/2025\/07\/2-scaled.jpg 2560w, https:\/\/mariacallasmuseum.gr\/wp-content\/uploads\/2025\/07\/2-300x200.jpg 300w, https:\/\/mariacallasmuseum.gr\/wp-content\/uploads\/2025\/07\/2-1024x683.jpg 1024w, https:\/\/mariacallasmuseum.gr\/wp-content\/uploads\/2025\/07\/2-768x512.jpg 768w, https:\/\/mariacallasmuseum.gr\/wp-content\/uploads\/2025\/07\/2-1536x1024.jpg 1536w, https:\/\/mariacallasmuseum.gr\/wp-content\/uploads\/2025\/07\/2-600x400.jpg 600w\" sizes=\"(max-width: 2560px) 100vw, 2560px\" \/>\t\t\t\t\t\t\t<\/div>\n\t\t\t\t\t<div class=\"eltdf-ig-image\">\n\t\t\t\t\t\t\t\t\t<img width=\"1280\" height=\"853\" src=\"https:\/\/mariacallasmuseum.gr\/wp-content\/uploads\/2025\/07\/1.jpg\" class=\"attachment-full size-full\" alt=\"\" decoding=\"async\" loading=\"lazy\" srcset=\"https:\/\/mariacallasmuseum.gr\/wp-content\/uploads\/2025\/07\/1.jpg 1280w, https:\/\/mariacallasmuseum.gr\/wp-content\/uploads\/2025\/07\/1-300x200.jpg 300w, https:\/\/mariacallasmuseum.gr\/wp-content\/uploads\/2025\/07\/1-1024x682.jpg 1024w, https:\/\/mariacallasmuseum.gr\/wp-content\/uploads\/2025\/07\/1-768x512.jpg 768w, https:\/\/mariacallasmuseum.gr\/wp-content\/uploads\/2025\/07\/1-600x400.jpg 600w\" sizes=\"(max-width: 1280px) 100vw, 1280px\" \/>\t\t\t\t\t\t\t<\/div>\n\t\t\t\t\t<div class=\"eltdf-ig-image\">\n\t\t\t\t\t\t\t\t\t<img width=\"1280\" height=\"853\" src=\"https:\/\/mariacallasmuseum.gr\/wp-content\/uploads\/2025\/07\/8.jpg\" class=\"attachment-full size-full\" alt=\"\" decoding=\"async\" loading=\"lazy\" srcset=\"https:\/\/mariacallasmuseum.gr\/wp-content\/uploads\/2025\/07\/8.jpg 1280w, https:\/\/mariacallasmuseum.gr\/wp-content\/uploads\/2025\/07\/8-300x200.jpg 300w, https:\/\/mariacallasmuseum.gr\/wp-content\/uploads\/2025\/07\/8-1024x682.jpg 1024w, https:\/\/mariacallasmuseum.gr\/wp-content\/uploads\/2025\/07\/8-768x512.jpg 768w, https:\/\/mariacallasmuseum.gr\/wp-content\/uploads\/2025\/07\/8-600x400.jpg 600w\" sizes=\"(max-width: 1280px) 100vw, 1280px\" \/>\t\t\t\t\t\t\t<\/div>\n\t\t\t<\/div>\n<\/div>[vc_empty_space height=\u00a0\u00bb64px\u00a0\u00bb][\/vc_column][\/vc_row][vc_row disable_element=\u00a0\u00bbyes\u00a0\u00bb row_content_width=\u00a0\u00bbgrid\u00a0\u00bb][vc_column]<div class=\"eltdf-image-gallery eltdf-grid-list eltdf-grid-masonry-list eltdf-disable-bottom-space  eltdf-ig-masonry-type eltdf-four-columns eltdf-normal-space  \">\n\t<div class=\"eltdf-ig-inner eltdf-outer-space eltdf-masonry-list-wrapper\">\n\t\t<div class=\"eltdf-masonry-grid-sizer\"><\/div>\n\t\t<div class=\"eltdf-masonry-grid-gutter\"><\/div>\n\t\t\t\t\t\t\t\t<div class=\"eltdf-ig-image eltdf-item-space eltdf-fixed-masonry-item eltdf-masonry-size-large-width-height\">\n\t\t\t\t<div class=\"eltdf-ig-image-inner\">\n\t\t\t\t\t\t\t\t\t\t\t<img width=\"800\" height=\"800\" src=\"https:\/\/mariacallasmuseum.gr\/wp-content\/uploads\/2024\/01\/3FLOOR800_800.png\" class=\"attachment-full size-full\" alt=\"\" decoding=\"async\" loading=\"lazy\" srcset=\"https:\/\/mariacallasmuseum.gr\/wp-content\/uploads\/2024\/01\/3FLOOR800_800.png 800w, https:\/\/mariacallasmuseum.gr\/wp-content\/uploads\/2024\/01\/3FLOOR800_800-300x300.png 300w, https:\/\/mariacallasmuseum.gr\/wp-content\/uploads\/2024\/01\/3FLOOR800_800-150x150.png 150w, https:\/\/mariacallasmuseum.gr\/wp-content\/uploads\/2024\/01\/3FLOOR800_800-768x768.png 768w, https:\/\/mariacallasmuseum.gr\/wp-content\/uploads\/2024\/01\/3FLOOR800_800-650x650.png 650w, https:\/\/mariacallasmuseum.gr\/wp-content\/uploads\/2024\/01\/3FLOOR800_800-600x600.png 600w, https:\/\/mariacallasmuseum.gr\/wp-content\/uploads\/2024\/01\/3FLOOR800_800-100x100.png 100w\" sizes=\"(max-width: 800px) 100vw, 800px\" \/>\t\t\t\t\t\t\t\t\t<\/div>\n\t\t\t<\/div>\n\t\t\t\t\t\t\t\t<div class=\"eltdf-ig-image eltdf-item-space \">\n\t\t\t\t<div class=\"eltdf-ig-image-inner\">\n\t\t\t\t\t\t\t\t\t\t\t<img width=\"600\" height=\"600\" src=\"https:\/\/mariacallasmuseum.gr\/wp-content\/uploads\/2024\/01\/MUSEUM-MARIA-CALLAS-600_600.png\" class=\"attachment-full size-full\" alt=\"\" decoding=\"async\" loading=\"lazy\" srcset=\"https:\/\/mariacallasmuseum.gr\/wp-content\/uploads\/2024\/01\/MUSEUM-MARIA-CALLAS-600_600.png 600w, https:\/\/mariacallasmuseum.gr\/wp-content\/uploads\/2024\/01\/MUSEUM-MARIA-CALLAS-600_600-300x300.png 300w, https:\/\/mariacallasmuseum.gr\/wp-content\/uploads\/2024\/01\/MUSEUM-MARIA-CALLAS-600_600-150x150.png 150w, https:\/\/mariacallasmuseum.gr\/wp-content\/uploads\/2024\/01\/MUSEUM-MARIA-CALLAS-600_600-100x100.png 100w\" sizes=\"(max-width: 600px) 100vw, 600px\" \/>\t\t\t\t\t\t\t\t\t<\/div>\n\t\t\t<\/div>\n\t\t\t\t\t\t\t\t<div class=\"eltdf-ig-image eltdf-item-space eltdf-fixed-masonry-item eltdf-masonry-size-large-height\">\n\t\t\t\t<div class=\"eltdf-ig-image-inner\">\n\t\t\t\t\t\t\t\t\t\t\t<img width=\"400\" height=\"800\" src=\"https:\/\/mariacallasmuseum.gr\/wp-content\/uploads\/2024\/01\/Museum-maria-Kallas400-x-800-px.png\" class=\"attachment-musea_elated_image_portrait size-musea_elated_image_portrait\" alt=\"\" decoding=\"async\" loading=\"lazy\" srcset=\"https:\/\/mariacallasmuseum.gr\/wp-content\/uploads\/2024\/01\/Museum-maria-Kallas400-x-800-px.png 400w, https:\/\/mariacallasmuseum.gr\/wp-content\/uploads\/2024\/01\/Museum-maria-Kallas400-x-800-px-150x300.png 150w\" sizes=\"(max-width: 400px) 100vw, 400px\" \/>\t\t\t\t\t\t\t\t\t<\/div>\n\t\t\t<\/div>\n\t\t\t\t\t\t\t\t<div class=\"eltdf-ig-image eltdf-item-space eltdf-fixed-masonry-item eltdf-masonry-size-small\">\n\t\t\t\t<div class=\"eltdf-ig-image-inner\">\n\t\t\t\t\t\t\t\t\t\t\t<img width=\"600\" height=\"600\" src=\"https:\/\/mariacallasmuseum.gr\/wp-content\/uploads\/2024\/01\/OUT-600_600.png\" class=\"attachment-musea_elated_image_square size-musea_elated_image_square\" alt=\"\" decoding=\"async\" loading=\"lazy\" srcset=\"https:\/\/mariacallasmuseum.gr\/wp-content\/uploads\/2024\/01\/OUT-600_600.png 600w, https:\/\/mariacallasmuseum.gr\/wp-content\/uploads\/2024\/01\/OUT-600_600-300x300.png 300w, https:\/\/mariacallasmuseum.gr\/wp-content\/uploads\/2024\/01\/OUT-600_600-150x150.png 150w, https:\/\/mariacallasmuseum.gr\/wp-content\/uploads\/2024\/01\/OUT-600_600-100x100.png 100w\" sizes=\"(max-width: 600px) 100vw, 600px\" \/>\t\t\t\t\t\t\t\t\t<\/div>\n\t\t\t<\/div>\n\t\t\t<\/div>\n<\/div>[vc_empty_space height=\u00a0\u00bb64px\u00a0\u00bb][\/vc_column][\/vc_row]<\/p>\n<\/section>","protected":false},"excerpt":{"rendered":"<p>[vc_row content_placement=\u00a0\u00bbmiddle\u00a0\u00bb row_content_width=\u00a0\u00bbgrid\u00a0\u00bb content_text_aligment=\u00a0\u00bbcenter\u00a0\u00bb][vc_column][vc_empty_space height=\u00a0\u00bb64px\u00a0\u00bb][vc_empty_space height=\u00a0\u00bb64px\u00a0\u00bb][\/vc_column][\/vc_row][vc_row row_content_width=\u00a0\u00bbgrid\u00a0\u00bb][vc_column][vc_column_text] Le Mus\u00e9e Maria Callas est situ\u00e9 dans un b\u00e2timent n\u00e9oclassique embl\u00e9matique du XXe si\u00e8cle, au c\u0153ur d&rsquo;Ath\u00e8nes, sur l&rsquo;une des rues les plus touristiques, la rue Mitropoleos 44. Au troisi\u00e8me \u00e9tage se trouve [&hellip;]<\/p>\n","protected":false},"author":1,"featured_media":0,"parent":0,"menu_order":0,"comment_status":"closed","ping_status":"closed","template":"full-width.php","meta":{"om_disable_all_campaigns":false},"acf":[],"aioseo_notices":[],"_links":{"self":[{"href":"https:\/\/mariacallasmuseum.gr\/fr\/wp-json\/wp\/v2\/pages\/5480"}],"collection":[{"href":"https:\/\/mariacallasmuseum.gr\/fr\/wp-json\/wp\/v2\/pages"}],"about":[{"href":"https:\/\/mariacallasmuseum.gr\/fr\/wp-json\/wp\/v2\/types\/page"}],"author":[{"embeddable":true,"href":"https:\/\/mariacallasmuseum.gr\/fr\/wp-json\/wp\/v2\/users\/1"}],"replies":[{"embeddable":true,"href":"https:\/\/mariacallasmuseum.gr\/fr\/wp-json\/wp\/v2\/comments?post=5480"}],"version-history":[{"count":9,"href":"https:\/\/mariacallasmuseum.gr\/fr\/wp-json\/wp\/v2\/pages\/5480\/revisions"}],"predecessor-version":[{"id":8383,"href":"https:\/\/mariacallasmuseum.gr\/fr\/wp-json\/wp\/v2\/pages\/5480\/revisions\/8383"}],"wp:attachment":[{"href":"https:\/\/mariacallasmuseum.gr\/fr\/wp-json\/wp\/v2\/media?parent=5480"}],"curies":[{"name":"wp","href":"https:\/\/api.w.org\/{rel}","templated":true}]}}