{"id":5472,"date":"2024-02-22T12:21:27","date_gmt":"2024-02-22T09:21:27","guid":{"rendered":"https:\/\/mariacallasmuseum.gr\/?page_id=5472"},"modified":"2026-02-18T17:14:29","modified_gmt":"2026-02-18T14:14:29","slug":"boutique-du-musee-maria-callas","status":"publish","type":"page","link":"https:\/\/mariacallasmuseum.gr\/fr\/boutique-du-musee-maria-callas\/","title":{"rendered":"Boutique du mus\u00e9e Maria Callas"},"content":{"rendered":"<section class=\"wpb-content-wrapper\"><p>[vc_row content_placement=\u00a0\u00bbmiddle\u00a0\u00bb row_content_width=\u00a0\u00bbgrid\u00a0\u00bb content_text_aligment=\u00a0\u00bbcenter\u00a0\u00bb][vc_column][vc_empty_space height=\u00a0\u00bb64px\u00a0\u00bb]<div class=\"eltdf-section-title-holder   eltdf-st-decorative-line\" style=\"text-align: center\">\n\t<div class=\"eltdf-st-inner\">\n        \t\t\t\t\t<h1 class=\"eltdf-st-title\" >\n    <span class=\"eltdf-st-title-inner\"><span class=\"eltdf-st-side-line-left\" ><\/span>Boutique du mus\u00e9e Maria Callas<span class=\"eltdf-st-side-line-right\" ><\/span><\/span>\n\t\t\t<\/h1>\n\t\t\t\t\t\t\t<\/div>\n<\/div>[vc_empty_space height=\u00a0\u00bb64px\u00a0\u00bb][\/vc_column][\/vc_row][vc_row content_placement=\u00a0\u00bbtop\u00a0\u00bb row_content_width=\u00a0\u00bbgrid\u00a0\u00bb content_text_aligment=\u00a0\u00bbleft\u00a0\u00bb css=\u00a0\u00bb.vc_custom_1569319432692{padding-bottom: 72px !important;}\u00a0\u00bb][vc_column offset=\u00a0\u00bbvc_col-lg-offset-0 vc_col-lg-6 vc_col-md-offset-0 vc_col-md-12 vc_col-sm-offset-0 vc_col-xs-12&Prime;]<div class=\"eltdf-elements-holder   eltdf-two-columns  eltdf-responsive-mode-480 eltdf-one-column-alignment-center\" ><div class=\"eltdf-eh-item  eltdf-vertical-alignment-top  \"  data-item-class=\"eltdf-eh-custom-5845\" data-1400-1600=\"10px 0 0 70px\" data-1025-1399=\"63px 30px 0 0\" data-769-1024=\"63px 30px 0 0\" data-681-768=\"63px 30px 0 0\" data-680=\"63px 30px 0 0\">\n\t<div class=\"eltdf-eh-item-inner\">\n\t\t<div class=\"eltdf-eh-item-content eltdf-eh-custom-5845\" style=\"padding: 10px 0 0 70px\">\n\t\t\t[vc_column_text]<span lang=\"FR\">Avec des entr\u00e9es ind\u00e9pendantes depuis Mitropoleos et Petraki, la boutique du mus\u00e9e Maria Callas est une \u00e9tape privil\u00e9gi\u00e9e \u00e0 la fin de la visite du mus\u00e9e, mais aussi une destination autonome pour ceux qui cherchent un souvenir pour eux-m\u00eames ou leurs proches, inspir\u00e9 par Maria Callas.<\/span><\/p>\n<p>&nbsp;<\/p>\n<p><span lang=\"FR\">Des souvenirs avec les illustrations de Maria Callas par Babis Alexiadis, des livres et albums importants sur Maria Callas, mais aussi des bijoux, des vins et des chocolats \u00e0 l&rsquo;effigie de la grande diva, combleront les visiteurs.<\/span>[\/vc_column_text]\t\t<\/div>\n\t<\/div>\n<\/div><\/div>[\/vc_column][vc_column offset=\u00a0\u00bbvc_col-lg-offset-0 vc_col-lg-6 vc_col-md-offset-0 vc_col-md-12 vc_col-sm-offset-0 vc_col-xs-12&Prime;]<div class=\"eltdf-elements-holder   eltdf-two-columns  eltdf-responsive-mode-480 eltdf-one-column-alignment-center\" ><div class=\"eltdf-eh-item  eltdf-vertical-alignment-top  \"  data-item-class=\"eltdf-eh-custom-9306\" data-1400-1600=\"10px 0 0 70px\" data-1025-1399=\"63px 30px 0 0\" data-769-1024=\"63px 30px 0 0\" data-681-768=\"63px 30px 0 0\" data-680=\"63px 30px 0 0\">\n\t<div class=\"eltdf-eh-item-inner\">\n\t\t<div class=\"eltdf-eh-item-content eltdf-eh-custom-9306\" style=\"padding: 10px 0 0 70px\">\n\t\t\t<div class=\"eltdf-iwt clearfix  eltdf-iwt-icon-left-from-title eltdf-iwt-icon-tiny\">\n\t<div class=\"eltdf-iwt-content\" >\n\t\t\t\t\t<h6 class=\"eltdf-iwt-title\" >\n\t\t\t\t\t\t\t\t\t<a itemprop=\"url\" href=\"#\" target=\"_self\">\n\t\t\t\t\t\t\t\t\t<span class=\"eltdf-iwt-icon\">\n\t\t\t\t\t\t\t\t\t\t\t\t\t    <span class=\"eltdf-icon-shortcode eltdf-normal   eltdf-icon-tiny\"  data-hover-color=\"#000000\" data-color=\"#c30017\">\n                    <i class=\"eltdf-icon-dripicons dripicon dripicons-clock eltdf-icon-element\" style=\"color: #c30017\" ><\/i>            <\/span>\n\t\t\t\t\t\t\t\t\t\t\t<\/span>\n\t\t\t\t\t<span class=\"eltdf-iwt-title-text\">HEURES D\u2019OUVERTURE<\/span>\n\t\t\t\t\t\t\t\t\t<\/a>\n\t\t\t\t\t\t\t<\/h6>\n\t\t\t\t\t<\/div>\n<\/div>[vc_empty_space height=\u00a0\u00bb15px\u00a0\u00bb][vc_column_text]<\/p>\n<p style=\"text-align: left;\"><strong>1er Avril \u2013 31 Octobre<\/strong><\/p>\n<p style=\"text-align: left;\">Mardi \u2013 Dimanche: 10:00 \u2013 19:00<\/p>\n<p style=\"text-align: left;\">Vendredi: 10:00 \u2013 21:00<\/p>\n<p style=\"text-align: left;\"><strong>1er Novembre \u2013 31 Mars<\/strong><\/p>\n<p style=\"text-align: left;\">Mardi \u2013 Dimanche: 10:00 \u2013 18:00<\/p>\n<p style=\"text-align: left;\">Vendredi: 10:00 \u2013 21:00<\/p>\n<p style=\"text-align: left;\"><strong>Ferm\u00e9<\/strong><\/p>\n<p style=\"text-align: left;\">Les lundis, 1\/1, Dimanche de P\u00e2ques orthodoxe, F\u00eate du Travail, 15\/8, 25 &amp; 26\/12<\/p>\n<p style=\"text-align: left;\"><strong>Entr\u00e9e gratuite<\/strong><\/p>\n<p style=\"text-align: left;\">2\/12 (Anniversaire de Maria Callas)<\/p>\n<p style=\"text-align: left;\">18\/5 (Journ\u00e9eInternationale des Mus\u00e9es)<\/p>\n<p>[\/vc_column_text]\t\t<\/div>\n\t<\/div>\n<\/div><\/div>[\/vc_column][\/vc_row][vc_row equal_height=\u00a0\u00bbyes\u00a0\u00bb row_content_width=\u00a0\u00bbgrid\u00a0\u00bb][vc_column width=\u00a0\u00bb1\/3&Prime;][vc_single_image image=\u00a0\u00bb9338&Prime; img_size=\u00a0\u00bbfull\u00a0\u00bb][\/vc_column][vc_column width=\u00a0\u00bb1\/3&Prime;][vc_single_image image=\u00a0\u00bb9335&Prime; img_size=\u00a0\u00bbfull\u00a0\u00bb css=\u00a0\u00bb.vc_custom_1771423086291{margin-bottom: 30px !important;}\u00a0\u00bb][vc_single_image image=\u00a0\u00bb9341&Prime; img_size=\u00a0\u00bbfull\u00a0\u00bb css=\u00a0\u00bb.vc_custom_1771423212110{margin-top: 70px !important;}\u00a0\u00bb][\/vc_column][vc_column width=\u00a0\u00bb1\/3&Prime;][vc_single_image image=\u00a0\u00bb9532&Prime; img_size=\u00a0\u00bb1707&#215;2560&Prime;][\/vc_column][vc_column][vc_empty_space height=\u00a0\u00bb64px\u00a0\u00bb][\/vc_column][\/vc_row][vc_row content_placement=\u00a0\u00bbmiddle\u00a0\u00bb disable_element=\u00a0\u00bbyes\u00a0\u00bb content_text_aligment=\u00a0\u00bbleft\u00a0\u00bb simple_background_color=\u00a0\u00bb#f8f8f8&Prime;][vc_column]<div class=\"eltdf-elements-holder   eltdf-three-columns  eltdf-responsive-mode-1024 eltdf-one-column-alignment-left\" style=\"background-color: #f8f8f8\"><div class=\"eltdf-eh-item    \"  data-item-class=\"eltdf-eh-custom-7785\" data-1400-1600=\"0 0 8px 65px\" data-1025-1399=\"0 0 8px 40px\" data-769-1024=\"148px 0 155px 110px\" data-681-768=\"148px 0 155px 76px\" data-680=\"88px 30px 95px\">\n\t<div class=\"eltdf-eh-item-inner\">\n\t\t<div class=\"eltdf-eh-item-content eltdf-eh-custom-7785\" style=\"padding: 0 0 0 120px\">\n\t\t\t<div class=\"eltdf-section-title-holder   eltdf-st-decorative-line\" >\n\t<div class=\"eltdf-st-inner\">\n                    <span class=\"eltdf-st-caption\" style=\"color: #c9ab81;margin: 0 0 6px 0\">\n                <span class=\"eltdf-st-caption-inner\" >\u0394\u03b9\u03b5\u03cd\u03b8\u03c5\u03bd\u03c3\u03b7<\/span>\n            <\/span>\n        \t\t\t\t\t\t\t<\/div>\n<\/div>[vc_empty_space height=\u00a0\u00bb4px\u00a0\u00bb][vc_column_text]<a href=\"https:\/\/www.google.gr\/maps\/place\/%CE%9C%CE%B7%CF%84%CF%81%CE%BF%CF%80%CF%8C%CE%BB%CE%B5%CF%89%CF%82+44,+%CE%91%CE%B8%CE%AE%CE%BD%CE%B1+105+63\/@37.975383,23.7308068,19z\/data=!4m6!3m5!1s0x14a1bd3dab0f5e6b:0xc999b6a4e9dca6ad!8m2!3d37.9754612!4d23.7307905!16s%2Fg%2F11c28bkp2j?hl=el&amp;entry=ttu\">\u039c\u03b7\u03c4\u03c1\u03bf\u03c0\u03cc\u03bb\u03b5\u03c9\u03c2 44, 105 63 &#8211; \u0391\u03b8\u03ae\u03bd\u03b1<\/a>[\/vc_column_text][vc_column_text]210 44 04 204[\/vc_column_text][vc_column_text]<a href=\"mailto:info@mariacallasmuseum.gr\">info@mariacallasmuseum.gr<\/a>[\/vc_column_text][vc_column_text]Press requests:\u00a0<a href=\"mailto:press@mariacallasmuseum.gr\">press@mariacallasmuseum.gr<\/a>[\/vc_column_text][vc_column_text]<em>*\u03a4\u03bf \u039c\u03bf\u03c5\u03c3\u03b5\u03af\u03bf \u03b5\u03af\u03bd\u03b1\u03b9 \u03c0\u03c1\u03bf\u03c3\u03b2\u03ac\u03c3\u03b9\u03bc\u03bf \u03c3\u03b5 \u0391\u03bc\u03b5\u0391.<\/em>[\/vc_column_text][vc_empty_space height=\u00a0\u00bb24px\u00a0\u00bb]    <span class=\"eltdf-icon-shortcode eltdf-normal   \" style=\"margin: 0 20px 0 0\" data-hover-color=\"#c9ab81\" data-color=\"#4e4e4e\">\n                    <a itemprop=\"url\" class=\"\" href=\"https:\/\/www.instagram.com\/mariacallasmuseum\/\" target=\"_blank\">\n                    <span aria-hidden=\"true\" class=\"eltdf-icon-font-elegant social_instagram eltdf-icon-element\" style=\"color: #4e4e4e;font-size:13px\" ><\/span>                    <\/a>\n            <\/span>\n    <span class=\"eltdf-icon-shortcode eltdf-normal   \" style=\"margin: 0 22px 0 0\" data-hover-color=\"#c9ab81\" data-color=\"#4e4e4e\">\n                    <a itemprop=\"url\" class=\"\" href=\"https:\/\/www.facebook.com\/mariacallasmuseum\" target=\"_blank\">\n                    <span aria-hidden=\"true\" class=\"eltdf-icon-font-elegant social_facebook eltdf-icon-element\" style=\"color: #4e4e4e;font-size:13px\" ><\/span>                    <\/a>\n            <\/span>\n    <span class=\"eltdf-icon-shortcode eltdf-normal   \" style=\"margin: 0 22px 0 0\" data-hover-color=\"#c9ab81\" data-color=\"#4e4e4e\">\n                    <a itemprop=\"url\" class=\"\" href=\"https:\/\/www.youtube.com\/channel\/UCyITKWuod_2jEiH3HWOY8mA\" target=\"_blank\">\n                    <span aria-hidden=\"true\" class=\"eltdf-icon-font-elegant social_youtube eltdf-icon-element\" style=\"color: #4e4e4e;font-size:13px\" ><\/span>                    <\/a>\n            <\/span>\n    <span class=\"eltdf-icon-shortcode eltdf-normal   \" style=\"margin: 0 22px 0 0\" data-hover-color=\"#c9ab81\" data-color=\"#4e4e4e\">\n                    <a itemprop=\"url\" class=\"\" href=\"https:\/\/twitter.com\/MariaCallasMuse\" target=\"_blank\">\n                    <span aria-hidden=\"true\" class=\"eltdf-icon-font-elegant social_twitter eltdf-icon-element\" style=\"color: #4e4e4e;font-size:13px\" ><\/span>                    <\/a>\n            <\/span>\n[vc_empty_space height=\u00a0\u00bb24px\u00a0\u00bb]\t\t<\/div>\n\t<\/div>\n<\/div><div class=\"eltdf-eh-item    \"  data-item-class=\"eltdf-eh-custom-8198\" data-1400-1600=\"0 0 0 0\" data-1025-1399=\"0 0 0 0\" data-769-1024=\"0 0 0 0\" data-681-768=\"0 0 0 0\" data-680=\"0 0 0 0\">\n\t<div class=\"eltdf-eh-item-inner\">\n\t\t<div class=\"eltdf-eh-item-content eltdf-eh-custom-8198\" style=\"padding: 0 0 1px 0\">\n\t\t\t[vc_single_image image=\u00a0\u00bb4042&Prime; img_size=\u00a0\u00bbfull\u00a0\u00bb]\t\t<\/div>\n\t<\/div>\n<\/div><div class=\"eltdf-eh-item    \"  data-item-class=\"eltdf-eh-custom-5620\" data-1400-1600=\"0 65px 12px\" data-1025-1399=\"0 40px 12px\" data-769-1024=\"148px 520px 160px 110px\" data-681-768=\"148px 320px 160px 76px\" data-680=\"88px 30px 100px\">\n\t<div class=\"eltdf-eh-item-inner\">\n\t\t<div class=\"eltdf-eh-item-content eltdf-eh-custom-5620\" style=\"padding: 0 150px 12px 120px\">\n\t\t\t<div class=\"eltdf-section-title-holder   eltdf-st-decorative-line\" >\n\t<div class=\"eltdf-st-inner\">\n                    <span class=\"eltdf-st-caption\" style=\"color: #c9ab81;margin: 0 0 6px 0\">\n                <span class=\"eltdf-st-caption-inner\" >\u038f\u03c1\u03b5\u03c2 \u039b\u03b5\u03b9\u03c4\u03bf\u03c5\u03c1\u03b3\u03af\u03b1\u03c2<\/span>\n            <\/span>\n        \t\t\t\t\t\t\t<\/div>\n<\/div>[vc_column_text]<strong>1 \u0391\u03c0\u03c1\u03b9\u03bb\u03af\u03bf\u03c5 \u2013 31 \u039f\u03ba\u03c4\u03c9\u03b2\u03c1\u03af\u03bf\u03c5<\/strong><\/p>\n<p>\u03a4\u03c1\u03af\u03c4\u03b7 \u2013 \u039a\u03c5\u03c1\u03b9\u03b1\u03ba\u03ae : 10.00-20.00<br \/>\n\u03a0\u03b1\u03c1\u03b1\u03c3\u03ba\u03b5\u03c5\u03ae \u03ad\u03c9\u03c2 22.00<\/p>\n<p><strong>1 \u039d\u03bf\u03b5\u03bc\u03b2\u03c1\u03af\u03bf\u03c5 \u2013 31 \u039c\u03b1\u03c1\u03c4\u03af\u03bf\u03c5<br \/>\n<\/strong>\u03a4\u03c1\u03af\u03c4\u03b7 \u2013 \u039a\u03c5\u03c1\u03b9\u03b1\u03ba\u03ae : 10.00-18.00<br \/>\n\u03a0\u03b1\u03c1\u03b1\u03c3\u03ba\u03b5\u03c5\u03ae \u03ad\u03c9\u03c2 21.00<\/p>\n<p><em>\u039a\u03bb\u03b5\u03b9\u03c3\u03c4\u03ac \u03c4\u03b9\u03c2 \u0394\u03b5\u03c5\u03c4\u03ad\u03c1\u03b5\u03c2, 25 &amp; 26\/12, 1 \/1<\/em><\/p>\n<p>&nbsp;<\/p>\n<p><em>\u039a\u03bb\u03b5\u03b9\u03c3\u03c4\u03ac \u039a\u03c5\u03c1\u03b9\u03b1\u03ba\u03ae &amp; \u0394\u03b5\u03c5\u03c4\u03ad\u03c1\u03b1 \u03c4\u03bf\u03c5 \u03a0\u03ac\u03c3\u03c7\u03b1,<br \/>\n\u0394\u03c9\u03c1\u03b5\u03ac\u03bd \u03b5\u03af\u03c3\u03bf\u03b4\u03bf\u03c2 \u03c3\u03c4\u03b9\u03c2 2\/1 \u03ba\u03b1\u03b9 \u03c3\u03c4\u03b9\u03c2 18\/05.<\/em>[\/vc_column_text]\t\t<\/div>\n\t<\/div>\n<\/div><\/div>[\/vc_column][\/vc_row]<\/p>\n<\/section>","protected":false},"excerpt":{"rendered":"<p>[vc_row content_placement=\u00a0\u00bbmiddle\u00a0\u00bb row_content_width=\u00a0\u00bbgrid\u00a0\u00bb content_text_aligment=\u00a0\u00bbcenter\u00a0\u00bb][vc_column][vc_empty_space height=\u00a0\u00bb64px\u00a0\u00bb][vc_empty_space height=\u00a0\u00bb64px\u00a0\u00bb][\/vc_column][\/vc_row][vc_row content_placement=\u00a0\u00bbtop\u00a0\u00bb row_content_width=\u00a0\u00bbgrid\u00a0\u00bb content_text_aligment=\u00a0\u00bbleft\u00a0\u00bb css=\u00a0\u00bb.vc_custom_1569319432692{padding-bottom: 72px !important;}\u00a0\u00bb][vc_column offset=\u00a0\u00bbvc_col-lg-offset-0 vc_col-lg-6 vc_col-md-offset-0 vc_col-md-12 vc_col-sm-offset-0 vc_col-xs-12&Prime;][\/vc_column][vc_column offset=\u00a0\u00bbvc_col-lg-offset-0 vc_col-lg-6 vc_col-md-offset-0 vc_col-md-12 vc_col-sm-offset-0 vc_col-xs-12&Prime;][\/vc_column][\/vc_row][vc_row equal_height=\u00a0\u00bbyes\u00a0\u00bb row_content_width=\u00a0\u00bbgrid\u00a0\u00bb][vc_column width=\u00a0\u00bb1\/3&Prime;][vc_single_image image=\u00a0\u00bb9338&Prime; img_size=\u00a0\u00bbfull\u00a0\u00bb][\/vc_column][vc_column width=\u00a0\u00bb1\/3&Prime;][vc_single_image image=\u00a0\u00bb9335&Prime; img_size=\u00a0\u00bbfull\u00a0\u00bb css=\u00a0\u00bb.vc_custom_1771423086291{margin-bottom: 30px !important;}\u00a0\u00bb][vc_single_image image=\u00a0\u00bb9341&Prime; img_size=\u00a0\u00bbfull\u00a0\u00bb css=\u00a0\u00bb.vc_custom_1771423212110{margin-top: 70px !important;}\u00a0\u00bb][\/vc_column][vc_column [&hellip;]<\/p>\n","protected":false},"author":1,"featured_media":0,"parent":0,"menu_order":0,"comment_status":"closed","ping_status":"closed","template":"full-width.php","meta":{"om_disable_all_campaigns":false},"acf":[],"aioseo_notices":[],"_links":{"self":[{"href":"https:\/\/mariacallasmuseum.gr\/fr\/wp-json\/wp\/v2\/pages\/5472"}],"collection":[{"href":"https:\/\/mariacallasmuseum.gr\/fr\/wp-json\/wp\/v2\/pages"}],"about":[{"href":"https:\/\/mariacallasmuseum.gr\/fr\/wp-json\/wp\/v2\/types\/page"}],"author":[{"embeddable":true,"href":"https:\/\/mariacallasmuseum.gr\/fr\/wp-json\/wp\/v2\/users\/1"}],"replies":[{"embeddable":true,"href":"https:\/\/mariacallasmuseum.gr\/fr\/wp-json\/wp\/v2\/comments?post=5472"}],"version-history":[{"count":11,"href":"https:\/\/mariacallasmuseum.gr\/fr\/wp-json\/wp\/v2\/pages\/5472\/revisions"}],"predecessor-version":[{"id":9537,"href":"https:\/\/mariacallasmuseum.gr\/fr\/wp-json\/wp\/v2\/pages\/5472\/revisions\/9537"}],"wp:attachment":[{"href":"https:\/\/mariacallasmuseum.gr\/fr\/wp-json\/wp\/v2\/media?parent=5472"}],"curies":[{"name":"wp","href":"https:\/\/api.w.org\/{rel}","templated":true}]}}