{"id":5460,"date":"2024-02-22T13:52:19","date_gmt":"2024-02-22T10:52:19","guid":{"rendered":"https:\/\/mariacallasmuseum.gr\/?page_id=5460"},"modified":"2025-04-09T13:06:31","modified_gmt":"2025-04-09T10:06:31","slug":"groupes-scolaires","status":"publish","type":"page","link":"https:\/\/mariacallasmuseum.gr\/fr\/groupes-scolaires\/","title":{"rendered":"Groupes scolaires"},"content":{"rendered":"<section class=\"wpb-content-wrapper\"><p>[vc_row][vc_column]<div class=\"eltdf-section-title-holder   eltdf-st-decorative-line\" style=\"text-align: center\">\n\t<div class=\"eltdf-st-inner\">\n        \t\t\t\t\t<h1 class=\"eltdf-st-title\" >\n    <span class=\"eltdf-st-title-inner\"><span class=\"eltdf-st-side-line-left\" ><\/span>Groupes scolaires<span class=\"eltdf-st-side-line-right\" ><\/span><\/span>\n\t\t\t<\/h1>\n\t\t\t\t\t\t\t<\/div>\n<\/div>[vc_empty_space][vc_column_text]Le mus\u00e9e Maria Callas accueille les \u00e9coles du pays et pr\u00e9sente les programmes \u00e9ducatifs et les visites guid\u00e9es pr\u00e9vus pour les groupes scolaires (jardins d&rsquo;enfants, \u00e9coles primaires, coll\u00e8ges, lyc\u00e9es) pour 2024.<\/p>\n<p>Les enfants et les adolescents ont l&rsquo;occasion de d\u00e9couvrir le monde de l&rsquo;op\u00e9ra et de la grande diva \u00e0 travers des jeux visuels, musicaux, th\u00e9\u00e2traux et autres jeux de myst\u00e8re et d&rsquo;art. Ils d\u00e9couvriront le mus\u00e9e d\u2019une personnalit\u00e9 arts du spectacle et plongeront dans le monde de l&rsquo;art.<\/p>\n<p>Renseignements :<br \/>\nDu lundi au vendredi de 11h00 \u00e0 18h00 au 210 44 04 204 ou via e-mail au <a href=\"mailto:info@mariacallasmuseum.gr\">info@mariacallasmuseum.gr<\/a>[\/vc_column_text][vc_empty_space height=\u00a0\u00bb50px\u00a0\u00bb][\/vc_column][\/vc_row][vc_row disable_element=\u00a0\u00bbyes\u00a0\u00bb][vc_column]<div class=\"eltdf-iwt clearfix  eltdf-iwt-icon-left eltdf-iwt-icon-small\">\n\t<div class=\"eltdf-iwt-icon\">\n\t\t\t\t\t<a itemprop=\"url\" href=\"https:\/\/mariacallasmuseum.gr\/wp-content\/uploads\/2023\/12\/%CE%A6%CF%85%CE%BB%CE%BB%CE%AC%CE%B4%CE%B9%CE%BF-%CE%95%CE%BA%CF%80%CE%B1%CE%B9%CE%B4%CE%B5%CF%85%CF%84%CE%B9%CE%BA%CF%8E%CE%BD-%CE%A0%CF%81%CE%BF%CE%B3%CF%81%CE%B1%CE%BC%CE%BC%CE%AC%CF%84%CF%89%CE%BD-%CE%9C%CE%9C%CE%9A-2024.pdf\" target=\"_blank\">\n\t\t\t\t\t\t\t\t\t    <span class=\"eltdf-icon-shortcode eltdf-normal   eltdf-icon-small\"  data-hover-color=\"#000000\" data-color=\"#c30017\">\n                    <i class=\"eltdf-icon-dripicons dripicon dripicons-document-new eltdf-icon-element\" style=\"color: #c30017\" ><\/i>            <\/span>\n\t\t\t\t\t\t\t\t<\/a>\n\t\t\t<\/div>\n\t<div class=\"eltdf-iwt-content\" >\n\t\t\t\t\t<h6 class=\"eltdf-iwt-title\" >\n\t\t\t\t\t\t\t\t\t<a itemprop=\"url\" href=\"https:\/\/mariacallasmuseum.gr\/wp-content\/uploads\/2023\/12\/%CE%A6%CF%85%CE%BB%CE%BB%CE%AC%CE%B4%CE%B9%CE%BF-%CE%95%CE%BA%CF%80%CE%B1%CE%B9%CE%B4%CE%B5%CF%85%CF%84%CE%B9%CE%BA%CF%8E%CE%BD-%CE%A0%CF%81%CE%BF%CE%B3%CF%81%CE%B1%CE%BC%CE%BC%CE%AC%CF%84%CF%89%CE%BD-%CE%9C%CE%9C%CE%9A-2024.pdf\" target=\"_blank\">\n\t\t\t\t\t\t\t\t<span class=\"eltdf-iwt-title-text\">VOIR LE PROGRAMME ICI.<\/span>\n\t\t\t\t\t\t\t\t\t<\/a>\n\t\t\t\t\t\t\t<\/h6>\n\t\t\t\t\t<\/div>\n<\/div>[vc_empty_space height=\u00a0\u00bb50px\u00a0\u00bb][\/vc_column][\/vc_row]<\/p>\n<\/section>","protected":false},"excerpt":{"rendered":"<p>[vc_row][vc_column][vc_empty_space][vc_column_text]Le mus\u00e9e Maria Callas accueille les \u00e9coles du pays et pr\u00e9sente les programmes \u00e9ducatifs et les visites guid\u00e9es pr\u00e9vus pour les groupes scolaires (jardins d&rsquo;enfants, \u00e9coles primaires, coll\u00e8ges, lyc\u00e9es) pour 2024. Les enfants et les adolescents ont l&rsquo;occasion de d\u00e9couvrir [&hellip;]<\/p>\n","protected":false},"author":1,"featured_media":0,"parent":0,"menu_order":0,"comment_status":"closed","ping_status":"closed","template":"","meta":{"om_disable_all_campaigns":false},"acf":[],"aioseo_notices":[],"_links":{"self":[{"href":"https:\/\/mariacallasmuseum.gr\/fr\/wp-json\/wp\/v2\/pages\/5460"}],"collection":[{"href":"https:\/\/mariacallasmuseum.gr\/fr\/wp-json\/wp\/v2\/pages"}],"about":[{"href":"https:\/\/mariacallasmuseum.gr\/fr\/wp-json\/wp\/v2\/types\/page"}],"author":[{"embeddable":true,"href":"https:\/\/mariacallasmuseum.gr\/fr\/wp-json\/wp\/v2\/users\/1"}],"replies":[{"embeddable":true,"href":"https:\/\/mariacallasmuseum.gr\/fr\/wp-json\/wp\/v2\/comments?post=5460"}],"version-history":[{"count":8,"href":"https:\/\/mariacallasmuseum.gr\/fr\/wp-json\/wp\/v2\/pages\/5460\/revisions"}],"predecessor-version":[{"id":7524,"href":"https:\/\/mariacallasmuseum.gr\/fr\/wp-json\/wp\/v2\/pages\/5460\/revisions\/7524"}],"wp:attachment":[{"href":"https:\/\/mariacallasmuseum.gr\/fr\/wp-json\/wp\/v2\/media?parent=5460"}],"curies":[{"name":"wp","href":"https:\/\/api.w.org\/{rel}","templated":true}]}}