{"id":5458,"date":"2024-02-22T11:53:10","date_gmt":"2024-02-22T08:53:10","guid":{"rendered":"https:\/\/mariacallasmuseum.gr\/?page_id=5458"},"modified":"2025-04-09T11:56:58","modified_gmt":"2025-04-09T08:56:58","slug":"cafe-la-divina","status":"publish","type":"page","link":"https:\/\/mariacallasmuseum.gr\/fr\/cafe-la-divina\/","title":{"rendered":"Cafe \u00ab\u00a0La Divina\u00a0\u00bb"},"content":{"rendered":"<section class=\"wpb-content-wrapper\"><p>[vc_row content_placement=\u00a0\u00bbmiddle\u00a0\u00bb row_content_width=\u00a0\u00bbgrid\u00a0\u00bb content_text_aligment=\u00a0\u00bbcenter\u00a0\u00bb][vc_column][vc_empty_space height=\u00a0\u00bb64px\u00a0\u00bb]<div class=\"eltdf-section-title-holder   eltdf-st-decorative-line\" style=\"text-align: center\">\n\t<div class=\"eltdf-st-inner\">\n        \t\t\t\t\t<h1 class=\"eltdf-st-title\" >\n    <span class=\"eltdf-st-title-inner\"><span class=\"eltdf-st-side-line-left\" ><\/span>CAFE 'La Divina'<span class=\"eltdf-st-side-line-right\" ><\/span><\/span>\n\t\t\t<\/h1>\n\t\t\t\t\t\t\t<\/div>\n<\/div>[vc_empty_space height=\u00a0\u00bb64px\u00a0\u00bb][\/vc_column][\/vc_row][vc_row content_placement=\u00a0\u00bbtop\u00a0\u00bb row_content_width=\u00a0\u00bbgrid\u00a0\u00bb content_text_aligment=\u00a0\u00bbleft\u00a0\u00bb css=\u00a0\u00bb.vc_custom_1744188898898{padding-bottom: 72px !important;}\u00a0\u00bb][vc_column offset=\u00a0\u00bbvc_col-lg-offset-0 vc_col-lg-6 vc_col-md-offset-0 vc_col-md-12 vc_col-sm-offset-0 vc_col-xs-12&Prime;]<div class=\"eltdf-elements-holder   eltdf-two-columns  eltdf-responsive-mode-480 eltdf-one-column-alignment-center\" ><div class=\"eltdf-eh-item  eltdf-vertical-alignment-top eltdf-horizontal-alignment-center \"  data-item-class=\"eltdf-eh-custom-6303\" data-1400-1600=\"10px 0 0 70px\" data-1025-1399=\"63px 30px 0 0\" data-769-1024=\"63px 30px 0 0\" data-681-768=\"63px 30px 0 0\" data-680=\"63px 30px 0 0\">\n\t<div class=\"eltdf-eh-item-inner\">\n\t\t<div class=\"eltdf-eh-item-content eltdf-eh-custom-6303\" style=\"padding: 10px 0 0 70px\">\n\t\t\t[vc_column_text]<\/p>\n<p style=\"text-align: left;\">Au rez-de-chauss\u00e9e du mus\u00e9e Maria Callas se trouve l&rsquo;exquis caf\u00e9 \u00ab\u00a0La Divina\u00a0\u00bb, \u00e0 c\u00f4t\u00e9 de la boutique du mus\u00e9e. Que l&rsquo;on poss\u00e8de ou non un billet d&rsquo;entr\u00e9e au mus\u00e9e, on peut se rendre au caf\u00e9 pendant les heures d&rsquo;ouverture, tout au long de la journ\u00e9e, soit \u00e0 l&rsquo;int\u00e9rieur avec vue sur Mitropoleos, soit \u00e0 l&rsquo;ext\u00e9rieur, dans la rue pi\u00e9tonne anim\u00e9e et populaire de Petraki.<\/p>\n<p style=\"text-align: left;\">Les visiteurs peuvent commencer leur journ\u00e9e par un caf\u00e9 ou une boisson accompagn\u00e9e d&rsquo;une collation, faire une pause d\u00e9jeuner pour d\u00e9guster une s\u00e9lection savoureuse du menu ou prendre un digestif inspir\u00e9 des boissons pr\u00e9f\u00e9r\u00e9es de Maria Callas.<\/p>\n<p style=\"text-align: left;\"><strong><em>*Le caf\u00e9 n&rsquo;accepte pas de r\u00e9servations et fonctionne selon le principe du premier arriv\u00e9, premier servi.<\/em><\/strong><\/p>\n<p>[\/vc_column_text]\t\t<\/div>\n\t<\/div>\n<\/div><\/div>[\/vc_column][vc_column offset=\u00a0\u00bbvc_col-lg-offset-0 vc_col-lg-6 vc_col-md-offset-0 vc_col-md-12 vc_col-sm-offset-0 vc_col-xs-12&Prime;]<div class=\"eltdf-elements-holder   eltdf-two-columns  eltdf-responsive-mode-480 eltdf-one-column-alignment-center\" ><div class=\"eltdf-eh-item  eltdf-vertical-alignment-top  \"  data-item-class=\"eltdf-eh-custom-4868\" data-1400-1600=\"10px 0 0 70px\" data-1025-1399=\"63px 30px 0 0\" data-769-1024=\"63px 30px 0 0\" data-681-768=\"63px 30px 0 0\" data-680=\"63px 30px 0 0\">\n\t<div class=\"eltdf-eh-item-inner\">\n\t\t<div class=\"eltdf-eh-item-content eltdf-eh-custom-4868\" style=\"padding: 10px 0 0 70px\">\n\t\t\t<div class=\"eltdf-iwt clearfix  eltdf-iwt-icon-left-from-title eltdf-iwt-icon-tiny\">\n\t<div class=\"eltdf-iwt-content\" >\n\t\t\t\t\t<h6 class=\"eltdf-iwt-title\" >\n\t\t\t\t\t\t\t\t\t<a itemprop=\"url\" href=\"#\" target=\"_self\">\n\t\t\t\t\t\t\t\t\t<span class=\"eltdf-iwt-icon\">\n\t\t\t\t\t\t\t\t\t\t\t\t\t    <span class=\"eltdf-icon-shortcode eltdf-normal   eltdf-icon-tiny\"  data-hover-color=\"#000000\" data-color=\"#c30017\">\n                    <i class=\"eltdf-icon-dripicons dripicon dripicons-clock eltdf-icon-element\" style=\"color: #c30017\" ><\/i>            <\/span>\n\t\t\t\t\t\t\t\t\t\t\t<\/span>\n\t\t\t\t\t<span class=\"eltdf-iwt-title-text\">HEURES D\u2019OUVERTURE<\/span>\n\t\t\t\t\t\t\t\t\t<\/a>\n\t\t\t\t\t\t\t<\/h6>\n\t\t\t\t\t<\/div>\n<\/div>[vc_empty_space height=\u00a0\u00bb15px\u00a0\u00bb][vc_column_text]<\/p>\n<p style=\"text-align: left;\"><strong>1er Avril \u2013 31 Octobre<\/strong><\/p>\n<p style=\"text-align: left;\">Mardi \u2013 Dimanche: 10:00 \u2013 19:00<\/p>\n<p style=\"text-align: left;\">Vendredi: 10:00 \u2013 21:00<\/p>\n<p style=\"text-align: left;\"><strong>1er Novembre \u2013 31 Mars<\/strong><\/p>\n<p style=\"text-align: left;\">Mardi \u2013 Dimanche: 10:00 \u2013 18:00<\/p>\n<p style=\"text-align: left;\">Vendredi: 10:00 \u2013 21:00<\/p>\n<p style=\"text-align: left;\"><strong>Ferm\u00e9<\/strong><\/p>\n<p style=\"text-align: left;\">Les lundis, 1\/1, Dimanche de P\u00e2ques orthodoxe, F\u00eate du Travail, 15\/8, 25 &amp; 26\/12<\/p>\n<p style=\"text-align: left;\"><strong>Entr\u00e9e gratuite<\/strong><\/p>\n<p style=\"text-align: left;\">2\/12 (Anniversaire de Maria Callas)<\/p>\n<p style=\"text-align: left;\">18\/5 (Journ\u00e9eInternationale des Mus\u00e9es)<\/p>\n<p>[\/vc_column_text]\t\t<\/div>\n\t<\/div>\n<\/div><\/div>[\/vc_column][\/vc_row][vc_row disable_element=\u00a0\u00bbyes\u00a0\u00bb row_content_width=\u00a0\u00bbgrid\u00a0\u00bb][vc_column]<div class=\"eltdf-elements-holder   eltdf-one-column  eltdf-responsive-mode-768 \" ><div class=\"eltdf-eh-item    \"  data-item-class=\"eltdf-eh-custom-9562\">\n\t<div class=\"eltdf-eh-item-inner\">\n\t\t<div class=\"eltdf-eh-item-content eltdf-eh-custom-9562\" >\n\t\t\t[vc_column_text]Au rez-de-chauss\u00e9e du mus\u00e9e Maria Callas se trouve l&rsquo;exquis caf\u00e9 \u00ab\u00a0La Divina\u00a0\u00bb, \u00e0 c\u00f4t\u00e9 de la boutique du mus\u00e9e. Que l&rsquo;on poss\u00e8de ou non un billet d&rsquo;entr\u00e9e au mus\u00e9e, on peut se rendre au caf\u00e9 pendant les heures d&rsquo;ouverture, tout au long de la journ\u00e9e, soit \u00e0 l&rsquo;int\u00e9rieur avec vue sur Mitropoleos, soit \u00e0 l&rsquo;ext\u00e9rieur, dans la rue pi\u00e9tonne anim\u00e9e et populaire de Petraki.<\/p>\n<p>&nbsp;<\/p>\n<p>Les visiteurs peuvent commencer leur journ\u00e9e par un caf\u00e9 ou une boisson accompagn\u00e9e d&rsquo;une collation, faire une pause d\u00e9jeuner pour d\u00e9guster une s\u00e9lection savoureuse du menu ou prendre un digestif inspir\u00e9 des boissons pr\u00e9f\u00e9r\u00e9es de Maria Callas.<\/p>\n<p>&nbsp;<\/p>\n<p><strong><em>*Le caf\u00e9 n&rsquo;accepte pas de r\u00e9servations et fonctionne selon le principe du premier arriv\u00e9, premier servi.<\/em><\/strong><\/p>\n<p><em><strong>\u00a0<\/strong><\/em>[\/vc_column_text]\t\t<\/div>\n\t<\/div>\n<\/div><\/div>[vc_empty_space][\/vc_column][\/vc_row][vc_row content_placement=\u00a0\u00bbmiddle\u00a0\u00bb disable_element=\u00a0\u00bbyes\u00a0\u00bb row_content_width=\u00a0\u00bbgrid\u00a0\u00bb content_text_aligment=\u00a0\u00bbcenter\u00a0\u00bb][vc_column css=\u00a0\u00bb.vc_custom_1728551207499{background-color: #f8f8f8 !important;}\u00a0\u00bb]<div class=\"eltdf-section-title-holder   \" style=\"text-align: left\">\n\t<div class=\"eltdf-st-inner\">\n        \t\t\t\t\t<h2 class=\"eltdf-st-title\" >\n    <span class=\"eltdf-st-title-inner\"><span class=\"eltdf-st-side-line-left\" ><\/span>HEURES D\u2019OUVERTURE<span class=\"eltdf-st-side-line-right\" ><\/span><\/span>\n\t\t\t<\/h2>\n\t\t\t\t\t\t\t<\/div>\n<\/div>[vc_empty_space]<div class=\"eltdf-elements-holder   eltdf-three-columns  eltdf-responsive-mode-768 \" ><div class=\"eltdf-eh-item    \"  data-item-class=\"eltdf-eh-custom-2053\">\n\t<div class=\"eltdf-eh-item-inner\">\n\t\t<div class=\"eltdf-eh-item-content eltdf-eh-custom-2053\" >\n\t\t\t[vc_column_text]<\/p>\n<p style=\"text-align: left;\"><strong>1 Avril \u2013 31 Octobre<\/strong><br \/>\nMardi \u2013 Dimanche : 10.00-20.00<br \/>\nVendredi jusqu&rsquo;\u00e0 22.00<\/p>\n<p style=\"text-align: left;\"><strong>1 Novembre \u2013 31 Mars<br \/>\n<\/strong>Mardi \u2013 Dimanche : 10.00-18.00<br \/>\nVendredi jusqu&rsquo;\u00e0 21.00<\/p>\n<p>[\/vc_column_text]\t\t<\/div>\n\t<\/div>\n<\/div><div class=\"eltdf-eh-item    \"  data-item-class=\"eltdf-eh-custom-2202\">\n\t<div class=\"eltdf-eh-item-inner\">\n\t\t<div class=\"eltdf-eh-item-content eltdf-eh-custom-2202\" >\n\t\t\t[vc_column_text]<\/p>\n<p style=\"text-align: left;\"><strong>Ferm\u00e9<\/strong><\/p>\n<ul>\n<li style=\"text-align: left;\">Le Lundi<\/li>\n<li style=\"text-align: left;\">01 Janvier<\/li>\n<li style=\"text-align: left;\">15 Ao\u00fbt<\/li>\n<li style=\"text-align: left;\">25 &amp; 26 D\u00e9cembre<\/li>\n<\/ul>\n<p>[\/vc_column_text]\t\t<\/div>\n\t<\/div>\n<\/div><\/div>[\/vc_column][\/vc_row][vc_row row_content_width=\u00a0\u00bbgrid\u00a0\u00bb][vc_column][vc_empty_space height=\u00a0\u00bb64px\u00a0\u00bb]<div class=\"eltdf-iwt clearfix  eltdf-iwt-icon-left-from-title eltdf-iwt-icon-tiny\">\n\t<div class=\"eltdf-iwt-content\" >\n\t\t\t\t\t<h6 class=\"eltdf-iwt-title\" >\n\t\t\t\t\t\t\t\t\t<a itemprop=\"url\" href=\"https:\/\/mariacallasmuseum.gr\/wp-content\/uploads\/2023\/12\/La-divina-menu-ENG_DIGITAL.pdf\" target=\"_blank\">\n\t\t\t\t\t\t\t\t\t<span class=\"eltdf-iwt-icon\">\n\t\t\t\t\t\t\t\t\t\t\t\t\t    <span class=\"eltdf-icon-shortcode eltdf-normal   eltdf-icon-tiny\"  data-hover-color=\"#000000\" data-color=\"#9b845d\">\n                    <i class=\"eltdf-icon-dripicons dripicon dripicons-document eltdf-icon-element\" style=\"color: #9b845d\" ><\/i>            <\/span>\n\t\t\t\t\t\t\t\t\t\t\t<\/span>\n\t\t\t\t\t<span class=\"eltdf-iwt-title-text\">VOIR LE MENU<\/span>\n\t\t\t\t\t\t\t\t\t<\/a>\n\t\t\t\t\t\t\t<\/h6>\n\t\t\t\t\t<\/div>\n<\/div>[vc_empty_space height=\u00a0\u00bb64px\u00a0\u00bb][\/vc_column][\/vc_row][vc_row row_content_width=\u00a0\u00bbgrid\u00a0\u00bb][vc_column]<div class=\"eltdf-image-gallery eltdf-grid-list eltdf-grid-masonry-list eltdf-disable-bottom-space  eltdf-ig-masonry-type eltdf-four-columns eltdf-normal-space  \">\n\t<div class=\"eltdf-ig-inner eltdf-outer-space eltdf-masonry-list-wrapper\">\n\t\t<div class=\"eltdf-masonry-grid-sizer\"><\/div>\n\t\t<div class=\"eltdf-masonry-grid-gutter\"><\/div>\n\t\t\t\t\t\t\t\t<div class=\"eltdf-ig-image eltdf-item-space eltdf-fixed-masonry-item eltdf-masonry-size-large-width-height\">\n\t\t\t\t<div class=\"eltdf-ig-image-inner\">\n\t\t\t\t\t\t\t\t\t\t\t<img width=\"648\" height=\"648\" src=\"https:\/\/mariacallasmuseum.gr\/wp-content\/uploads\/2024\/01\/CAFE-650_650.png\" class=\"attachment-full size-full\" alt=\"\" decoding=\"async\" loading=\"lazy\" srcset=\"https:\/\/mariacallasmuseum.gr\/wp-content\/uploads\/2024\/01\/CAFE-650_650.png 648w, https:\/\/mariacallasmuseum.gr\/wp-content\/uploads\/2024\/01\/CAFE-650_650-300x300.png 300w, https:\/\/mariacallasmuseum.gr\/wp-content\/uploads\/2024\/01\/CAFE-650_650-150x150.png 150w, https:\/\/mariacallasmuseum.gr\/wp-content\/uploads\/2024\/01\/CAFE-650_650-600x600.png 600w, https:\/\/mariacallasmuseum.gr\/wp-content\/uploads\/2024\/01\/CAFE-650_650-100x100.png 100w\" sizes=\"(max-width: 648px) 100vw, 648px\" \/>\t\t\t\t\t\t\t\t\t<\/div>\n\t\t\t<\/div>\n\t\t\t\t\t\t\t\t<div class=\"eltdf-ig-image eltdf-item-space eltdf-fixed-masonry-item eltdf-masonry-size-small\">\n\t\t\t\t<div class=\"eltdf-ig-image-inner\">\n\t\t\t\t\t\t\t\t\t\t\t<img width=\"650\" height=\"650\" src=\"https:\/\/mariacallasmuseum.gr\/wp-content\/uploads\/2023\/12\/Design-sans-titre2-650x650.png\" class=\"attachment-musea_elated_image_square size-musea_elated_image_square\" alt=\"\" decoding=\"async\" loading=\"lazy\" srcset=\"https:\/\/mariacallasmuseum.gr\/wp-content\/uploads\/2023\/12\/Design-sans-titre2-650x650.png 650w, https:\/\/mariacallasmuseum.gr\/wp-content\/uploads\/2023\/12\/Design-sans-titre2-300x300.png 300w, https:\/\/mariacallasmuseum.gr\/wp-content\/uploads\/2023\/12\/Design-sans-titre2-150x150.png 150w, https:\/\/mariacallasmuseum.gr\/wp-content\/uploads\/2023\/12\/Design-sans-titre2-768x768.png 768w, https:\/\/mariacallasmuseum.gr\/wp-content\/uploads\/2023\/12\/Design-sans-titre2-600x600.png 600w, https:\/\/mariacallasmuseum.gr\/wp-content\/uploads\/2023\/12\/Design-sans-titre2-100x100.png 100w, https:\/\/mariacallasmuseum.gr\/wp-content\/uploads\/2023\/12\/Design-sans-titre2.png 800w\" sizes=\"(max-width: 650px) 100vw, 650px\" \/>\t\t\t\t\t\t\t\t\t<\/div>\n\t\t\t<\/div>\n\t\t\t\t\t\t\t\t<div class=\"eltdf-ig-image eltdf-item-space eltdf-fixed-masonry-item eltdf-masonry-size-large-height\">\n\t\t\t\t<div class=\"eltdf-ig-image-inner\">\n\t\t\t\t\t\t\t\t\t\t\t<img width=\"400\" height=\"800\" src=\"https:\/\/mariacallasmuseum.gr\/wp-content\/uploads\/2024\/01\/cafe-400-x-800-px.png\" class=\"attachment-musea_elated_image_portrait size-musea_elated_image_portrait\" alt=\"\" decoding=\"async\" loading=\"lazy\" srcset=\"https:\/\/mariacallasmuseum.gr\/wp-content\/uploads\/2024\/01\/cafe-400-x-800-px.png 400w, https:\/\/mariacallasmuseum.gr\/wp-content\/uploads\/2024\/01\/cafe-400-x-800-px-150x300.png 150w\" sizes=\"(max-width: 400px) 100vw, 400px\" \/>\t\t\t\t\t\t\t\t\t<\/div>\n\t\t\t<\/div>\n\t\t\t\t\t\t\t\t<div class=\"eltdf-ig-image eltdf-item-space eltdf-fixed-masonry-item eltdf-masonry-size-small\">\n\t\t\t\t<div class=\"eltdf-ig-image-inner\">\n\t\t\t\t\t\t\t\t\t\t\t<img width=\"650\" height=\"650\" src=\"https:\/\/mariacallasmuseum.gr\/wp-content\/uploads\/2024\/01\/CAFE-800_800-650x650.png\" class=\"attachment-musea_elated_image_square size-musea_elated_image_square\" alt=\"\" decoding=\"async\" loading=\"lazy\" srcset=\"https:\/\/mariacallasmuseum.gr\/wp-content\/uploads\/2024\/01\/CAFE-800_800-650x650.png 650w, https:\/\/mariacallasmuseum.gr\/wp-content\/uploads\/2024\/01\/CAFE-800_800-300x300.png 300w, https:\/\/mariacallasmuseum.gr\/wp-content\/uploads\/2024\/01\/CAFE-800_800-150x150.png 150w, https:\/\/mariacallasmuseum.gr\/wp-content\/uploads\/2024\/01\/CAFE-800_800-768x768.png 768w, https:\/\/mariacallasmuseum.gr\/wp-content\/uploads\/2024\/01\/CAFE-800_800-600x600.png 600w, https:\/\/mariacallasmuseum.gr\/wp-content\/uploads\/2024\/01\/CAFE-800_800-100x100.png 100w, https:\/\/mariacallasmuseum.gr\/wp-content\/uploads\/2024\/01\/CAFE-800_800.png 800w\" sizes=\"(max-width: 650px) 100vw, 650px\" \/>\t\t\t\t\t\t\t\t\t<\/div>\n\t\t\t<\/div>\n\t\t\t<\/div>\n<\/div>[vc_empty_space height=\u00a0\u00bb64px\u00a0\u00bb][\/vc_column][\/vc_row]<\/p>\n<\/section>","protected":false},"excerpt":{"rendered":"<p>[vc_row content_placement=\u00a0\u00bbmiddle\u00a0\u00bb row_content_width=\u00a0\u00bbgrid\u00a0\u00bb content_text_aligment=\u00a0\u00bbcenter\u00a0\u00bb][vc_column][vc_empty_space height=\u00a0\u00bb64px\u00a0\u00bb][vc_empty_space height=\u00a0\u00bb64px\u00a0\u00bb][\/vc_column][\/vc_row][vc_row content_placement=\u00a0\u00bbtop\u00a0\u00bb row_content_width=\u00a0\u00bbgrid\u00a0\u00bb content_text_aligment=\u00a0\u00bbleft\u00a0\u00bb css=\u00a0\u00bb.vc_custom_1744188898898{padding-bottom: 72px !important;}\u00a0\u00bb][vc_column offset=\u00a0\u00bbvc_col-lg-offset-0 vc_col-lg-6 vc_col-md-offset-0 vc_col-md-12 vc_col-sm-offset-0 vc_col-xs-12&Prime;][\/vc_column][vc_column offset=\u00a0\u00bbvc_col-lg-offset-0 vc_col-lg-6 vc_col-md-offset-0 vc_col-md-12 vc_col-sm-offset-0 vc_col-xs-12&Prime;][\/vc_column][\/vc_row][vc_row disable_element=\u00a0\u00bbyes\u00a0\u00bb row_content_width=\u00a0\u00bbgrid\u00a0\u00bb][vc_column][vc_empty_space][\/vc_column][\/vc_row][vc_row content_placement=\u00a0\u00bbmiddle\u00a0\u00bb disable_element=\u00a0\u00bbyes\u00a0\u00bb row_content_width=\u00a0\u00bbgrid\u00a0\u00bb content_text_aligment=\u00a0\u00bbcenter\u00a0\u00bb][vc_column css=\u00a0\u00bb.vc_custom_1728551207499{background-color: #f8f8f8 !important;}\u00a0\u00bb][vc_empty_space][\/vc_column][\/vc_row][vc_row row_content_width=\u00a0\u00bbgrid\u00a0\u00bb][vc_column][vc_empty_space height=\u00a0\u00bb64px\u00a0\u00bb][vc_empty_space height=\u00a0\u00bb64px\u00a0\u00bb][\/vc_column][\/vc_row][vc_row row_content_width=\u00a0\u00bbgrid\u00a0\u00bb][vc_column][vc_empty_space height=\u00a0\u00bb64px\u00a0\u00bb][\/vc_column][\/vc_row]<\/p>\n","protected":false},"author":1,"featured_media":0,"parent":0,"menu_order":0,"comment_status":"closed","ping_status":"closed","template":"full-width.php","meta":{"om_disable_all_campaigns":false},"acf":[],"aioseo_notices":[],"_links":{"self":[{"href":"https:\/\/mariacallasmuseum.gr\/fr\/wp-json\/wp\/v2\/pages\/5458"}],"collection":[{"href":"https:\/\/mariacallasmuseum.gr\/fr\/wp-json\/wp\/v2\/pages"}],"about":[{"href":"https:\/\/mariacallasmuseum.gr\/fr\/wp-json\/wp\/v2\/types\/page"}],"author":[{"embeddable":true,"href":"https:\/\/mariacallasmuseum.gr\/fr\/wp-json\/wp\/v2\/users\/1"}],"replies":[{"embeddable":true,"href":"https:\/\/mariacallasmuseum.gr\/fr\/wp-json\/wp\/v2\/comments?post=5458"}],"version-history":[{"count":15,"href":"https:\/\/mariacallasmuseum.gr\/fr\/wp-json\/wp\/v2\/pages\/5458\/revisions"}],"predecessor-version":[{"id":7478,"href":"https:\/\/mariacallasmuseum.gr\/fr\/wp-json\/wp\/v2\/pages\/5458\/revisions\/7478"}],"wp:attachment":[{"href":"https:\/\/mariacallasmuseum.gr\/fr\/wp-json\/wp\/v2\/media?parent=5458"}],"curies":[{"name":"wp","href":"https:\/\/api.w.org\/{rel}","templated":true}]}}