{"id":4154,"date":"2023-10-03T15:12:14","date_gmt":"2023-10-03T12:12:14","guid":{"rendered":"https:\/\/mariacallasmuseum.gr\/?page_id=4154"},"modified":"2025-04-09T12:33:29","modified_gmt":"2025-04-09T09:33:29","slug":"le-musee","status":"publish","type":"page","link":"https:\/\/mariacallasmuseum.gr\/fr\/le-musee\/","title":{"rendered":"Le mus\u00e9e"},"content":{"rendered":"<section class=\"wpb-content-wrapper\"><p>[vc_row][vc_column][vc_empty_space height=\u00a0\u00bb112px\u00a0\u00bb]<div class=\"eltdf-section-title-holder   eltdf-st-decorative-line\" style=\"text-align: center\">\n\t<div class=\"eltdf-st-inner\">\n        \t\t\t\t\t<h1 class=\"eltdf-st-title\" >\n    <span class=\"eltdf-st-title-inner\"><span class=\"eltdf-st-side-line-left\" ><\/span>Le mus\u00e9e<span class=\"eltdf-st-side-line-right\" ><\/span><\/span>\n\t\t\t<\/h1>\n\t\t\t\t\t\t\t<\/div>\n<\/div>[vc_empty_space height=\u00a0\u00bb112px\u00a0\u00bb]<div class=\"eltdf-section-title-holder   \" >\n\t<div class=\"eltdf-st-inner\">\n        \t\t\t\t\t<h3 class=\"eltdf-st-title\" >\n    <span class=\"eltdf-st-title-inner\"><span class=\"eltdf-st-side-line-left\" ><\/span>LA VISION<span class=\"eltdf-st-side-line-right\" ><\/span><\/span>\n\t\t\t<\/h3>\n\t\t\t\t\t\t\t<\/div>\n<\/div>[vc_empty_space][vc_column_text]Le MMC est le premier et le seul mus\u00e9e consacr\u00e9 \u00e0 Maria Callas et appartient \u00e0 la cat\u00e9gorie des mus\u00e9es historiques\/biographiques et des mus\u00e9es des arts du spectacle.\u00a0 Son objectif principal est de faire conna\u00eetre la personnalit\u00e9 artistique et l&rsquo;\u0153uvre de cet artiste lyrique embl\u00e9matique \u00e0 un public plus large en Gr\u00e8ce et \u00e0 l&rsquo;\u00e9tranger.<\/p>\n<p>Les objectifs du mus\u00e9e et de cette exposition permanente sont les suivants :<\/p>\n<ul>\n<li>Mettre en \u00e9vidence les \u00e9l\u00e9ments de l&rsquo;art et de la technique de Maria Callas qui ont fait d\u2019elle une artiste unique.<\/li>\n<li>\u00c9clairer sa personnalit\u00e9 au-del\u00e0 des mythes entretenus \u00e0 son sujet.<\/li>\n<li>Expliquer ce qui la rend unique<\/li>\n<li>Inspirer les nouvelles g\u00e9n\u00e9rations<\/li>\n<li>Collecter, pr\u00e9server, conserver et interpr\u00e9ter les \u00e9l\u00e9ments mat\u00e9riels et immat\u00e9riels li\u00e9s \u00e0 Maria Callas.<\/li>\n<li>\u00catre un p\u00f4le d&rsquo;\u00e9ducation musicale pour diff\u00e9rentes tranches d&rsquo;\u00e2ge, \u00e0 travers la formation d&rsquo;une strat\u00e9gie mus\u00e9o-p\u00e9dagogique<\/li>\n<li>Susciter, sans discrimination, l\u2019int\u00e9r\u00eat du public et de la communaut\u00e9 des chercheurs<\/li>\n<li>Encourager les collaborations, les dons, les pr\u00eats provenant d&rsquo;institutions, de fondations et de particuliers<\/li>\n<\/ul>\n<p>[\/vc_column_text][vc_empty_space][\/vc_column][\/vc_row][vc_row][vc_column][vc_empty_space height=\u00a0\u00bb112px\u00a0\u00bb]<div class=\"eltdf-section-title-holder   \" >\n\t<div class=\"eltdf-st-inner\">\n        \t\t\t\t\t<h3 class=\"eltdf-st-title\" >\n    <span class=\"eltdf-st-title-inner\"><span class=\"eltdf-st-side-line-left\" ><\/span>LA COLLECTION<span class=\"eltdf-st-side-line-right\" ><\/span><\/span>\n\t\t\t<\/h3>\n\t\t\t\t\t\t\t<\/div>\n<\/div>[vc_empty_space][vc_column_text]La cr\u00e9ation de la collection de la municipalit\u00e9 d&rsquo;Ath\u00e8nes avec des objets de Maria Callas a commenc\u00e9 en 2000, lorsque la municipalit\u00e9 a acquis les premiers objets en participant \u00e0 une vente aux ench\u00e8res internationale \u00e0 Paris. Depuis, la collection s&rsquo;est enrichie de dons d&rsquo;objets ayant appartenu \u00e0 Maria Callas ou s&rsquo;y r\u00e9f\u00e9rant, mais aussi d&rsquo;objets emprunt\u00e9s, si bien qu&rsquo;elle compte aujourd&rsquo;hui plus de 1000 pi\u00e8ces. \u00c0 titre indicatif, la collection comprend, entre autres, son album photo personnel (1947-1959), des costumes de repr\u00e9sentations, des v\u00eatements, des lettres \u00e0 l\u2019intention de Maria Callas ou \u00e9crites par elle-m\u00eame \u00e0 des tiers, des affiches et des programmes de spectacles, des t\u00e9l\u00e9grammes, des objets personnels, des disques et des CD, des livres, des magazines et des peintures.[\/vc_column_text][vc_empty_space][\/vc_column][\/vc_row][vc_row content_placement=\u00a0\u00bbmiddle\u00a0\u00bb row_content_width=\u00a0\u00bbgrid\u00a0\u00bb el_class=\u00a0\u00bbeltdf-workflow-custom-alignment\u00a0\u00bb][vc_column][vc_empty_space height=\u00a0\u00bb112px\u00a0\u00bb]<div class=\"eltdf-section-title-holder   \" >\n\t<div class=\"eltdf-st-inner\">\n        \t\t\t\t\t<h3 class=\"eltdf-st-title\" >\n    <span class=\"eltdf-st-title-inner\"><span class=\"eltdf-st-side-line-left\" ><\/span>DE LA COLLECTION AU MUS\u00c9E<span class=\"eltdf-st-side-line-right\" ><\/span><\/span>\n\t\t\t<\/h3>\n\t\t\t\t\t\t\t<\/div>\n<\/div>[vc_empty_space]<div class=\"eltdf-elements-holder   eltdf-one-column  eltdf-responsive-mode-768 eltdf-one-column-alignment-center\" ><div class=\"eltdf-eh-item    \"  data-item-class=\"eltdf-eh-custom-7838\" data-1400-1600=\"0 0 160px 0\" data-1025-1399=\"0 0 160px 0\" data-769-1024=\"0 0 60px 0\" data-681-768=\"0 0 60px 0\" data-680=\"0 0 60px 0\">\n\t<div class=\"eltdf-eh-item-inner\">\n\t\t<div class=\"eltdf-eh-item-content eltdf-eh-custom-7838\" style=\"padding: 0 0 160px 0\">\n\t\t\t<div class=\"eltdf-workflow eltdf-workflow-animate\">\n    <span class=\"alt-line\"><\/span>\n    <span class=\"main-line\" style=\"background-color:#4e4e4e;\"><\/span>\n    <div class=\"eltdf-workflow-item\">\n    <span class=\"line\" style=\"\"><\/span>\n    <div class=\"eltdf-workflow-item-inner\">\n        <div class=\"eltdf-workflow-image\">\n                    <\/div>\n        <div class=\"eltdf-workflow-text\">\n            <span class=\"circle\" style=\"border-color:#4e4e4e;background-color:#4e4e4e;\"><\/span>\n            <span class=\"circle-line\" style=\"background-color:#4e4e4e;\"><\/span>\n                            <div class=\"year\">2000<\/div>\n                        <div class=\"eltdf-workflow-title-text-holder\">\n                                    <div class=\"year-responsive\">2000<\/div>\n                                                                                    <span class=\"text\">Les premiers objets ont \u00e9t\u00e9 acquis lors d'une vente aux ench\u00e8res internationale \u00e0 Paris par la municipalit\u00e9 d'Ath\u00e8nes. La collection est d\u00e9sormais conserv\u00e9e de mani\u00e8re permanente \u00e0 Technopolis, \u00e0 Ath\u00e8nes.<\/span>\n                            <\/div>\n        <\/div>\n    <\/div>\n<\/div>\n<div class=\"eltdf-workflow-item\">\n    <span class=\"line\" style=\"\"><\/span>\n    <div class=\"eltdf-workflow-item-inner\">\n        <div class=\"eltdf-workflow-image\">\n                    <\/div>\n        <div class=\"eltdf-workflow-text\">\n            <span class=\"circle\" style=\"border-color:#4e4e4e;background-color:#4e4e4e;\"><\/span>\n            <span class=\"circle-line\" style=\"background-color:#4e4e4e;\"><\/span>\n                            <div class=\"year\">2002 - 2005<\/div>\n                        <div class=\"eltdf-workflow-title-text-holder\">\n                                    <div class=\"year-responsive\">2002 - 2005<\/div>\n                                                                                    <span class=\"text\">L'acc\u00e8s \u00e0 la collection est autoris\u00e9 sur demande.<\/span>\n                            <\/div>\n        <\/div>\n    <\/div>\n<\/div>\n<div class=\"eltdf-workflow-item\">\n    <span class=\"line\" style=\"\"><\/span>\n    <div class=\"eltdf-workflow-item-inner\">\n        <div class=\"eltdf-workflow-image\">\n                    <\/div>\n        <div class=\"eltdf-workflow-text\">\n            <span class=\"circle\" style=\"border-color:#4e4e4e;background-color:#4e4e4e;\"><\/span>\n            <span class=\"circle-line\" style=\"background-color:#4e4e4e;\"><\/span>\n                            <div class=\"year\">2009 - 2010<\/div>\n                        <div class=\"eltdf-workflow-title-text-holder\">\n                                    <div class=\"year-responsive\">2009 - 2010<\/div>\n                                                                                    <span class=\"text\">De nouvelles pi\u00e8ces sont ajout\u00e9es \u00e0 la collection originale par le biais de pr\u00eats et de dons. Une nouvelle exposition est en pr\u00e9paration.<\/span>\n                            <\/div>\n        <\/div>\n    <\/div>\n<\/div>\n<div class=\"eltdf-workflow-item\">\n    <span class=\"line\" style=\"\"><\/span>\n    <div class=\"eltdf-workflow-item-inner\">\n        <div class=\"eltdf-workflow-image\">\n                    <\/div>\n        <div class=\"eltdf-workflow-text\">\n            <span class=\"circle\" style=\"border-color:#4e4e4e;background-color:#4e4e4e;\"><\/span>\n            <span class=\"circle-line\" style=\"background-color:#4e4e4e;\"><\/span>\n                            <div class=\"year\">2011<\/div>\n                        <div class=\"eltdf-workflow-title-text-holder\">\n                                    <div class=\"year-responsive\">2011<\/div>\n                                                                                    <span class=\"text\">La municipalit\u00e9 d'Ath\u00e8nes a d\u00e9cid\u00e9 de cr\u00e9er le \u00ab Mus\u00e9e Maria Callas \u00bb. (Pendant le mandat de maire de G.Kaminis).<\/span>\n                            <\/div>\n        <\/div>\n    <\/div>\n<\/div>\n<div class=\"eltdf-workflow-item\">\n    <span class=\"line\" style=\"\"><\/span>\n    <div class=\"eltdf-workflow-item-inner\">\n        <div class=\"eltdf-workflow-image\">\n                    <\/div>\n        <div class=\"eltdf-workflow-text\">\n            <span class=\"circle\" style=\"border-color:#4e4e4e;background-color:#4e4e4e;\"><\/span>\n            <span class=\"circle-line\" style=\"background-color:#4e4e4e;\"><\/span>\n                            <div class=\"year\">2014<\/div>\n                        <div class=\"eltdf-workflow-title-text-holder\">\n                                    <div class=\"year-responsive\">2014<\/div>\n                                                                                    <span class=\"text\">La pr\u00e9sentation de l'\u00e9tude mus\u00e9ologique\/mus\u00e9ographique est pr\u00e9sent\u00e9e \u00e0 Mitropoleos 44 par EratoKoutsoudaki-Gerolympou, AndromachiGazi et AlexandrosCharkiolakis.<\/span>\n                            <\/div>\n        <\/div>\n    <\/div>\n<\/div>\n<div class=\"eltdf-workflow-item\">\n    <span class=\"line\" style=\"\"><\/span>\n    <div class=\"eltdf-workflow-item-inner\">\n        <div class=\"eltdf-workflow-image\">\n                    <\/div>\n        <div class=\"eltdf-workflow-text\">\n            <span class=\"circle\" style=\"border-color:#4e4e4e;background-color:#4e4e4e;\"><\/span>\n            <span class=\"circle-line\" style=\"background-color:#4e4e4e;\"><\/span>\n                            <div class=\"year\">2019<\/div>\n                        <div class=\"eltdf-workflow-title-text-holder\">\n                                    <div class=\"year-responsive\">2019<\/div>\n                                                                                    <span class=\"text\">Une petite exposition d'objets de la collection de la municipalit\u00e9 d'Ath\u00e8nes \u00ab Maria Callas \u00bb est pr\u00e9sent\u00e9e au \u00ab Th\u00e9\u00e2tre municipal Olympia Maria Callas \u00bb.<\/span>\n                            <\/div>\n        <\/div>\n    <\/div>\n<\/div>\n<div class=\"eltdf-workflow-item\">\n    <span class=\"line\" style=\"\"><\/span>\n    <div class=\"eltdf-workflow-item-inner\">\n        <div class=\"eltdf-workflow-image\">\n                    <\/div>\n        <div class=\"eltdf-workflow-text\">\n            <span class=\"circle\" style=\"border-color:#4e4e4e;background-color:#4e4e4e;\"><\/span>\n            <span class=\"circle-line\" style=\"background-color:#4e4e4e;\"><\/span>\n                            <div class=\"year\">2021<\/div>\n                        <div class=\"eltdf-workflow-title-text-holder\">\n                                    <div class=\"year-responsive\">2021<\/div>\n                                                                                    <span class=\"text\">La municipalit\u00e9 d'Ath\u00e8nes (pendant le mandat de maire de K. Bakoyannis) met \u00e0 disposition le b\u00e2timent situ\u00e9 au 44, rue Mitropoleos pour accueillir le \u00ab Mus\u00e9e Maria Callas \u00bb et la construction du mus\u00e9e commence. Le projet a \u00e9t\u00e9 entrepris par Technopolis de la municipalit\u00e9 d'Ath\u00e8nes.<\/span>\n                            <\/div>\n        <\/div>\n    <\/div>\n<\/div>\n<div class=\"eltdf-workflow-item\">\n    <span class=\"line\" style=\"\"><\/span>\n    <div class=\"eltdf-workflow-item-inner\">\n        <div class=\"eltdf-workflow-image\">\n                    <\/div>\n        <div class=\"eltdf-workflow-text\">\n            <span class=\"circle\" style=\"border-color:#4e4e4e;background-color:#4e4e4e;\"><\/span>\n            <span class=\"circle-line\" style=\"background-color:#4e4e4e;\"><\/span>\n                            <div class=\"year\">2023<\/div>\n                        <div class=\"eltdf-workflow-title-text-holder\">\n                                    <div class=\"year-responsive\">2023<\/div>\n                                                                                    <span class=\"text\">La municipalit\u00e9 d'Ath\u00e8nes inaugure le premier mus\u00e9e Maria Callas au monde, au 44 rue Mitropoleos.<\/span>\n                            <\/div>\n        <\/div>\n    <\/div>\n<\/div>\n    <div class=\"eltdf-workflow-item eltdf-wi-hidden\">\n        <div class=\"eltdf-workflow-item-inner\">\n            <div class=\"eltdf-workflow-text\">\n                <span class=\"circle\"><\/span>\n            <\/div>\n        <\/div>\n    <\/div>\n<\/div>\t\t<\/div>\n\t<\/div>\n<\/div><\/div>[vc_empty_space][\/vc_column][\/vc_row][vc_row][vc_column][vc_empty_space height=\u00a0\u00bb112px\u00a0\u00bb]<div class=\"eltdf-section-title-holder   \" >\n\t<div class=\"eltdf-st-inner\">\n        \t\t\t\t\t<h3 class=\"eltdf-st-title\" >\n    <span class=\"eltdf-st-title-inner\"><span class=\"eltdf-st-side-line-left\" ><\/span>COLLECTEURS \/ DOSSIERS \/ INSTITUTIONS<span class=\"eltdf-st-side-line-right\" ><\/span><\/span>\n\t\t\t<\/h3>\n\t\t\t\t\t\t\t<\/div>\n<\/div>[vc_empty_space][vc_column_text]Le mus\u00e9e expose des objets et toutes sortes de pi\u00e8ces qui n&rsquo;appartiennent pas exclusivement \u00e0 la municipalit\u00e9 d&rsquo;Ath\u00e8nes, mais qui sont des dons et des donations provenant de diverses organisations culturelles, de particuliers, de mus\u00e9es, de cha\u00eenes de t\u00e9l\u00e9vision et de stations de radio au mus\u00e9e Maria Callas :[\/vc_column_text][vc_empty_space]<div class=\"eltdf-accordion-holder eltdf-ac-default  eltdf-accordion eltdf-ac-boxed  clearfix\">\n\t<p class=\"eltdf-accordion-title\">\n    <span class=\"eltdf-accordion-mark\">\n\t\t<span class=\"eltdf_icon_plus icon_plus\"><\/span>\n\t\t<span class=\"eltdf_icon_minus icon_minus-06\"><\/span>\n\t<\/span>\n\t<span class=\"eltdf-tab-title\">Insitutions Grecques<\/span>\n<\/p>\n<div class=\"eltdf-accordion-content\">\n\t<div class=\"eltdf-accordion-content-inner\">\n\t\t[vc_column_text]Minist\u00e8re de la culture et des sports, Association hell\u00e9nique Maria Callas, Op\u00e9ra national, Conservatoire d&rsquo;Ath\u00e8nes, Conservatoire national, Conservatoire de l&rsquo;Ath\u00e9n\u00e9e, Association des \u00ab\u00a0Amis de la musique\u00a0\u00bb, Biblioth\u00e8que musicale \u00ab\u00a0Lilian Voudouri\u00a0\u00bb, Archives ERT, SKAI, Biblioth\u00e8que nationale de Gr\u00e8ce, Mus\u00e9e Benaki.[\/vc_column_text]\t<\/div>\n<\/div><p class=\"eltdf-accordion-title\">\n    <span class=\"eltdf-accordion-mark\">\n\t\t<span class=\"eltdf_icon_plus icon_plus\"><\/span>\n\t\t<span class=\"eltdf_icon_minus icon_minus-06\"><\/span>\n\t<\/span>\n\t<span class=\"eltdf-tab-title\">Particuliers Grecs<\/span>\n<\/p>\n<div class=\"eltdf-accordion-content\">\n\t<div class=\"eltdf-accordion-content-inner\">\n\t\t[vc_column_text]Konstantinos et Victoria Pilarinou, Lydia Onassis, Nikos Charalampopoulos, etc.[\/vc_column_text]\t<\/div>\n<\/div><p class=\"eltdf-accordion-title\">\n    <span class=\"eltdf-accordion-mark\">\n\t\t<span class=\"eltdf_icon_plus icon_plus\"><\/span>\n\t\t<span class=\"eltdf_icon_minus icon_minus-06\"><\/span>\n\t<\/span>\n\t<span class=\"eltdf-tab-title\">Institutions \u00c9trang\u00e8res <\/span>\n<\/p>\n<div class=\"eltdf-accordion-content\">\n\t<div class=\"eltdf-accordion-content-inner\">\n\t\t[vc_column_text]Teatro alla Scala, Getty Images, Warner Classics, Victoria &amp; Albert Museum, Metropolitan Opera, The Dallas Opera House, Arena di Verona, Teatro La Fenice di Venezia, CBS, ORTF (Institut national de l\u2019audiovisuel), Biki Archive Jacques Reynaud \u2013 Universit\u00e0degliStudi di Milano (MIC), Royal Opera House Collection[\/vc_column_text]\t<\/div>\n<\/div><p class=\"eltdf-accordion-title\">\n    <span class=\"eltdf-accordion-mark\">\n\t\t<span class=\"eltdf_icon_plus icon_plus\"><\/span>\n\t\t<span class=\"eltdf_icon_minus icon_minus-06\"><\/span>\n\t<\/span>\n\t<span class=\"eltdf-tab-title\">Particuliers \u00c9trangers<\/span>\n<\/p>\n<div class=\"eltdf-accordion-content\">\n\t<div class=\"eltdf-accordion-content-inner\">\n\t\t[vc_column_text]Cosimo Capanni&amp;Allegri Renzo, etc.[\/vc_column_text]\t<\/div>\n<\/div><p class=\"eltdf-accordion-title\">\n    <span class=\"eltdf-accordion-mark\">\n\t\t<span class=\"eltdf_icon_plus icon_plus\"><\/span>\n\t\t<span class=\"eltdf_icon_minus icon_minus-06\"><\/span>\n\t<\/span>\n\t<span class=\"eltdf-tab-title\">Organe De Direction (Technopolis)<\/span>\n<\/p>\n<div class=\"eltdf-accordion-content\">\n\t<div class=\"eltdf-accordion-content-inner\">\n\t\t[vc_column_text]Technopolis a pris en charge la mise en \u0153uvre du projet du Mus\u00e9e Maria Callas, l&rsquo;organisation et la coordination des diff\u00e9rents groupes de travail (conception et mise en \u0153uvre) et l&rsquo;ex\u00e9cution de toutes les proc\u00e9dures et travaux n\u00e9cessaires \u00e0 son ouverture. Elle g\u00e9rera \u00e9galement le fonctionnement du nouveau mus\u00e9e pendant les cinq prochaines ann\u00e9es.[\/vc_column_text]\t<\/div>\n<\/div><p class=\"eltdf-accordion-title\">\n    <span class=\"eltdf-accordion-mark\">\n\t\t<span class=\"eltdf_icon_plus icon_plus\"><\/span>\n\t\t<span class=\"eltdf_icon_minus icon_minus-06\"><\/span>\n\t<\/span>\n\t<span class=\"eltdf-tab-title\">L&#039;\u00e9quipe<\/span>\n<\/p>\n<div class=\"eltdf-accordion-content\">\n\t<div class=\"eltdf-accordion-content-inner\">\n\t\t[vc_column_text]Le premier mus\u00e9e Maria Callas est le r\u00e9sultat d&rsquo;ann\u00e9es de recherche et de travail par des professionnels de haut niveau. L&rsquo;\u00e9quipe d&rsquo;\u00e9tude est compos\u00e9e d&rsquo;AndromachiGazi, professeur de mus\u00e9ologie \u00e0 l&rsquo;universit\u00e9 de Panteion, d&rsquo;EratoKoutsoudaki, architecte-mus\u00e9ologue et d&rsquo;AlexandrosCharkiolakis, directeur de l&rsquo;association des \u00ab\u00a0Amis de la musique\u00a0\u00bb.<\/p>\n<p>&nbsp;<\/p>\n<p>L&rsquo;\u00e9quipe de travail et de soutien de Technopolis est compos\u00e9e de Konstantinos Bitzanis, directeur g\u00e9n\u00e9ral de Technopolis de la municipalit\u00e9 d&rsquo;Ath\u00e8nes, Maria Florou, responsable du secteur des mus\u00e9es industriels, Despina Andriopoulou, administratrice culturelle et mus\u00e9ologue, NioviAndrioti, mus\u00e9ologue et sp\u00e9cialiste de la communication, et GrigorisGaitanaros, ing\u00e9nieur civil.[\/vc_column_text]\t<\/div>\n<\/div><\/div>[vc_empty_space height=\u00a0\u00bb64px\u00a0\u00bb][\/vc_column][\/vc_row]<\/p>\n<\/section>","protected":false},"excerpt":{"rendered":"<p>[vc_row][vc_column][vc_empty_space height=\u00a0\u00bb112px\u00a0\u00bb][vc_empty_space height=\u00a0\u00bb112px\u00a0\u00bb][vc_empty_space][vc_column_text]Le MMC est le premier et le seul mus\u00e9e consacr\u00e9 \u00e0 Maria Callas et appartient \u00e0 la cat\u00e9gorie des mus\u00e9es historiques\/biographiques et des mus\u00e9es des arts du spectacle.\u00a0 Son objectif principal est de faire conna\u00eetre la personnalit\u00e9 artistique [&hellip;]<\/p>\n","protected":false},"author":1,"featured_media":0,"parent":0,"menu_order":0,"comment_status":"closed","ping_status":"closed","template":"","meta":{"om_disable_all_campaigns":false},"acf":[],"aioseo_notices":[],"_links":{"self":[{"href":"https:\/\/mariacallasmuseum.gr\/fr\/wp-json\/wp\/v2\/pages\/4154"}],"collection":[{"href":"https:\/\/mariacallasmuseum.gr\/fr\/wp-json\/wp\/v2\/pages"}],"about":[{"href":"https:\/\/mariacallasmuseum.gr\/fr\/wp-json\/wp\/v2\/types\/page"}],"author":[{"embeddable":true,"href":"https:\/\/mariacallasmuseum.gr\/fr\/wp-json\/wp\/v2\/users\/1"}],"replies":[{"embeddable":true,"href":"https:\/\/mariacallasmuseum.gr\/fr\/wp-json\/wp\/v2\/comments?post=4154"}],"version-history":[{"count":9,"href":"https:\/\/mariacallasmuseum.gr\/fr\/wp-json\/wp\/v2\/pages\/4154\/revisions"}],"predecessor-version":[{"id":7500,"href":"https:\/\/mariacallasmuseum.gr\/fr\/wp-json\/wp\/v2\/pages\/4154\/revisions\/7500"}],"wp:attachment":[{"href":"https:\/\/mariacallasmuseum.gr\/fr\/wp-json\/wp\/v2\/media?parent=4154"}],"curies":[{"name":"wp","href":"https:\/\/api.w.org\/{rel}","templated":true}]}}